{"id":15955,"date":"2025-02-17T14:26:11","date_gmt":"2025-02-17T13:26:11","guid":{"rendered":"https:\/\/ceylanvetlanda.se\/?page_id=15955"},"modified":"2026-04-18T21:32:54","modified_gmt":"2026-04-18T19:32:54","slug":"lunch","status":"publish","type":"page","link":"https:\/\/ceylanvetlanda.se\/en\/lunch\/","title":{"rendered":"Lunch"},"content":{"rendered":"<div data-elementor-type=\"wp-page\" data-elementor-id=\"15955\" class=\"elementor elementor-15955\" data-elementor-post-type=\"page\">\n\t\t\t\t\t\t<section class=\"elementor-section elementor-top-section elementor-element elementor-element-48bac83 elementor-section-height-min-height elementor-section-boxed elementor-section-height-default elementor-section-items-middle\" data-id=\"48bac83\" data-element_type=\"section\" data-e-type=\"section\" data-settings=\"{&quot;background_background&quot;:&quot;classic&quot;,&quot;shape_divider_bottom&quot;:&quot;arrow&quot;,&quot;shape_divider_bottom_negative&quot;:&quot;yes&quot;}\">\n\t\t\t\t\t\t\t<div class=\"elementor-background-overlay\"><\/div>\n\t\t\t\t\t\t<div class=\"elementor-shape elementor-shape-bottom\" aria-hidden=\"true\" data-negative=\"true\">\n\t\t\t<svg xmlns=\"http:\/\/www.w3.org\/2000\/svg\" viewbox=\"0 0 700 10\" preserveaspectratio=\"none\">\n\t<path class=\"elementor-shape-fill\" d=\"M360 0L350 9.9 340 0 0 0 0 10 700 10 700 0\"\/>\n<\/svg>\t\t<\/div>\n\t\t\t\t\t<div class=\"elementor-container elementor-column-gap-default\">\n\t\t\t\t\t<div class=\"elementor-column elementor-col-100 elementor-top-column elementor-element elementor-element-49974f2\" data-id=\"49974f2\" data-element_type=\"column\" data-e-type=\"column\">\n\t\t\t<div class=\"elementor-widget-wrap elementor-element-populated\">\n\t\t\t\t\t\t<div class=\"elementor-element elementor-element-d5bb11a elementor-widget__width-auto elementor-widget elementor-widget-heading\" data-id=\"d5bb11a\" data-element_type=\"widget\" data-e-type=\"widget\" data-widget_type=\"heading.default\">\n\t\t\t\t<div class=\"elementor-widget-container\">\n\t\t\t\t\t<h2 class=\"elementor-heading-title elementor-size-default\">VECKANS LUNCH\n<\/h2>\t\t\t\t<\/div>\n\t\t\t\t<\/div>\n\t\t\t\t<div class=\"elementor-element elementor-element-8399c63 elementor-widget elementor-widget-text-editor\" data-id=\"8399c63\" data-element_type=\"widget\" data-e-type=\"widget\" data-widget_type=\"text-editor.default\">\n\t\t\t\t<div class=\"elementor-widget-container\">\n\t\t\t\t\t\t\t\t\t<p>See what good we offer this week<\/p>\t\t\t\t\t\t\t\t<\/div>\n\t\t\t\t<\/div>\n\t\t\t\t<div class=\"elementor-element elementor-element-c8ce6d3 elementor-view-default elementor-widget elementor-widget-icon\" data-id=\"c8ce6d3\" data-element_type=\"widget\" data-e-type=\"widget\" data-widget_type=\"icon.default\">\n\t\t\t\t<div class=\"elementor-widget-container\">\n\t\t\t\t\t\t\t<div class=\"elementor-icon-wrapper\">\n\t\t\t<a class=\"elementor-icon\" href=\"#lunch\">\n\t\t\t<i aria-hidden=\"true\" class=\"fas fa-chevron-down\"><\/i>\t\t\t<\/a>\n\t\t<\/div>\n\t\t\t\t\t\t<\/div>\n\t\t\t\t<\/div>\n\t\t\t\t\t<\/div>\n\t\t<\/div>\n\t\t\t\t\t<\/div>\n\t\t<\/section>\n\t\t\t\t<section class=\"elementor-section elementor-top-section elementor-element elementor-element-913840f elementor-section-full_width elementor-section-height-default elementor-section-height-default\" data-id=\"913840f\" data-element_type=\"section\" data-e-type=\"section\">\n\t\t\t\t\t\t<div class=\"elementor-container elementor-column-gap-default\">\n\t\t\t\t\t<div class=\"elementor-column elementor-col-100 elementor-top-column elementor-element elementor-element-b2bb95e\" data-id=\"b2bb95e\" data-element_type=\"column\" data-e-type=\"column\">\n\t\t\t<div class=\"elementor-widget-wrap elementor-element-populated\">\n\t\t\t\t\t\t<div class=\"elementor-element elementor-element-c7cf2bc elementor-widget elementor-widget-heading\" data-id=\"c7cf2bc\" data-element_type=\"widget\" data-e-type=\"widget\" data-widget_type=\"heading.default\">\n\t\t\t\t<div class=\"elementor-widget-container\">\n\t\t\t\t\t<h3 class=\"elementor-heading-title elementor-size-default\">Lunch V. 17\n\n\n\n\n     <\/h3>\t\t\t\t<\/div>\n\t\t\t\t<\/div>\n\t\t\t\t<div class=\"elementor-element elementor-element-70d2ba0 elementor-widget elementor-widget-menu-anchor\" data-id=\"70d2ba0\" data-element_type=\"widget\" data-e-type=\"widget\" data-widget_type=\"menu-anchor.default\">\n\t\t\t\t<div class=\"elementor-widget-container\">\n\t\t\t\t\t\t\t<div class=\"elementor-menu-anchor\" id=\"lunch\"><\/div>\n\t\t\t\t\t\t<\/div>\n\t\t\t\t<\/div>\n\t\t\t\t<div class=\"elementor-element elementor-element-d72d98c elementor-widget elementor-widget-text-editor\" data-id=\"d72d98c\" data-element_type=\"widget\" data-e-type=\"widget\" data-widget_type=\"text-editor.default\">\n\t\t\t\t<div class=\"elementor-widget-container\">\n\t\t\t\t\t\t\t\t\t<h2 style=\"text-align: center;\">Pris m\u00e5ndag till fredag:<\/h2><h2 style=\"text-align: center;\">Ordinarie 130:- | H\u00e4fte 11 st 1300:-<\/h2><h2 style=\"text-align: center;\">Pension\u00e4r: 120:- | H\u00e4fte 11 st 1200:-<\/h2><h2 style=\"text-align: center;\">inkl. Sallad, br\u00f6d, sm\u00f6r, m\u00e5ltidsdryck kaffe &amp; kaka<\/h2>\t\t\t\t\t\t\t\t<\/div>\n\t\t\t\t<\/div>\n\t\t\t\t\t<\/div>\n\t\t<\/div>\n\t\t\t\t\t<\/div>\n\t\t<\/section>\n\t\t\t\t<section class=\"elementor-section elementor-top-section elementor-element elementor-element-50e749f elementor-section-boxed elementor-section-height-default elementor-section-height-default\" data-id=\"50e749f\" data-element_type=\"section\" data-e-type=\"section\">\n\t\t\t\t\t\t<div class=\"elementor-container elementor-column-gap-default\">\n\t\t\t\t\t<div class=\"elementor-column elementor-col-100 elementor-top-column elementor-element elementor-element-4ce68de\" data-id=\"4ce68de\" data-element_type=\"column\" data-e-type=\"column\">\n\t\t\t<div class=\"elementor-widget-wrap elementor-element-populated\">\n\t\t\t\t\t\t<div class=\"elementor-element elementor-element-1d97560 elementor-widget elementor-widget-text-editor\" data-id=\"1d97560\" data-element_type=\"widget\" data-e-type=\"widget\" data-widget_type=\"text-editor.default\">\n\t\t\t\t<div class=\"elementor-widget-container\">\n\t\t\t\t\t\t\t\t\t<p>\u00a0<\/p><p><b>Nu kan du \u00e4ven best\u00e4lla pan pizza 1-16 till Lunchpris, <span class=\"Apple-converted-space\">\u00a0 <\/span>g\u00e4ller \u00e4ven pension\u00e4rs pris<\/b><\/p><p><b>M\u00e5ndag<\/b><\/p><p>. Korv stroganoff med kokt potatis &amp; ris<\/p><p>. Alaska pollock med vitvin s\u00e5s &amp; kokt potatis<\/p><p>. Gratinerad Pasta med skinka &amp; champinjoner<span class=\"Apple-converted-space\">\u00a0<\/span><\/p><p><b>Tisdag<span class=\"Apple-converted-space\">\u00a0<\/span><\/b><\/p><p>. Raggmunk med stekt fl\u00e4sk &amp; lingon.<\/p><p>. L\u00f6ks\u00e5s med kokt potatis &amp; fl\u00e4sk<\/p><p>. Bruna b\u00f6nor med stekt fl\u00e4sk &amp; potatis.<span class=\"Apple-converted-space\">\u00a0<\/span><\/p><p>. Alaska pollock med vitvin s\u00e5s &amp; kokt potatis<\/p><p>. Gratinerad Pasta med skinka &amp; champinjoner<span class=\"Apple-converted-space\">\u00a0<\/span><\/p><p><b>Onsdag<\/b><\/p><p>. Mozzarella fylld kycklingfil\u00e9 med r\u00f6dvins\u00e5s, <span class=\"Apple-converted-space\">\u00a0 <\/span>kokt potatis \/ ris<span class=\"Apple-converted-space\">\u00a0<\/span><\/p><p>. Alaska pollock med vitvin s\u00e5s &amp; kokt potatis<\/p><p>. Gratinerad Pasta med skinka &amp; champinjoner<span class=\"Apple-converted-space\">\u00a0<\/span><\/p><p><b>Torsdag <span class=\"Apple-converted-space\">\u00a0<\/span><\/b><\/p><p>. Str\u00f6mming med hemlagad potatis mos &amp; skirat sm\u00f6r<\/p><p>. Gratinerad Pasta med skinka &amp; champinjoner<\/p><p>. Panpizza<\/p><p><b>Fredag<span class=\"Apple-converted-space\">\u00a0 \u00a0<\/span><\/b><\/p><p>. Schnitzel med kantarells\u00e5s &amp; stekt potatis<\/p><p>. Alaska pollock med vitvin s\u00e5s &amp; kokt potatis<\/p><p>. Gratinerad Pasta med skinka &amp; champinjoner <span class=\"Apple-converted-space\">\u00a0<\/span><\/p><p><b>L\u00f6rdag kl 12.00- 14.30 <span class=\"Apple-converted-space\">\u00a0 \u00a0 \u00a0 <\/span>150:-<span class=\"Apple-converted-space\">\u00a0 \u00a0 \u00a0 <\/span>130:- pension\u00e4r<span class=\"Apple-converted-space\">\u00a0 <\/span>Lunchkupong g\u00e4ller ej<\/b><\/p><p>. Benfri kotlette med stekt potatis &amp; bearnaises\u00e5s<\/p><p>. Alaska pollock med vitvin s\u00e5s &amp; kokt potatis<\/p><p>. Gratinerad Pasta med skinka &amp; champinjoner<span class=\"Apple-converted-space\">\u00a0<\/span><\/p>\t\t\t\t\t\t\t\t<\/div>\n\t\t\t\t<\/div>\n\t\t\t\t<div class=\"elementor-element elementor-element-b72da35 elementor-widget elementor-widget-text-editor\" data-id=\"b72da35\" data-element_type=\"widget\" data-e-type=\"widget\" data-widget_type=\"text-editor.default\">\n\t\t\t\t<div class=\"elementor-widget-container\">\n\t\t\t\t\t\t\t\t\t<p><b>\u00a0 \u00a0 \u00a0 \u00a0 \u00a0 \u00a0<\/b><\/p><p><b>\u00a0 \u00a0 \u00a0 \u00a0<\/b><\/p><p>\u00a0<\/p>\t\t\t\t\t\t\t\t<\/div>\n\t\t\t\t<\/div>\n\t\t\t\t<div class=\"elementor-element elementor-element-51bcd47 elementor-widget elementor-widget-text-editor\" data-id=\"51bcd47\" data-element_type=\"widget\" data-e-type=\"widget\" data-widget_type=\"text-editor.default\">\n\t\t\t\t<div class=\"elementor-widget-container\">\n\t\t\t\t\t\t\t\t\t<p style=\"background: white; margin: 0cm 0cm 12.75pt; text-align: center;\"><span style=\"font-size: 10.5pt; font-family: 'Arial',sans-serif; color: red;\">OBS! Eventuella \u00e4ndringar i menyn kan f\u00f6rekomma. Tack<\/span><\/p>\t\t\t\t\t\t\t\t<\/div>\n\t\t\t\t<\/div>\n\t\t\t\t\t<\/div>\n\t\t<\/div>\n\t\t\t\t\t<\/div>\n\t\t<\/section>\n\t\t\t\t<section class=\"elementor-section elementor-top-section elementor-element elementor-element-3e03146 elementor-section-boxed elementor-section-height-default elementor-section-height-default\" data-id=\"3e03146\" data-element_type=\"section\" data-e-type=\"section\">\n\t\t\t\t\t\t<div class=\"elementor-container elementor-column-gap-default\">\n\t\t\t\t\t<div class=\"elementor-column elementor-col-100 elementor-top-column elementor-element elementor-element-bc82049\" data-id=\"bc82049\" data-element_type=\"column\" data-e-type=\"column\">\n\t\t\t<div class=\"elementor-widget-wrap elementor-element-populated\">\n\t\t\t\t\t\t<div class=\"elementor-element elementor-element-300d573 elementor-widget elementor-widget-heading\" data-id=\"300d573\" data-element_type=\"widget\" data-e-type=\"widget\" data-widget_type=\"heading.default\">\n\t\t\t\t<div class=\"elementor-widget-container\">\n\t\t\t\t\t<h2 class=\"elementor-heading-title elementor-size-default\">L\u00e4gg till din rubriktext h\u00e4r<\/h2>\t\t\t\t<\/div>\n\t\t\t\t<\/div>\n\t\t\t\t\t<\/div>\n\t\t<\/div>\n\t\t\t\t\t<\/div>\n\t\t<\/section>\n\t\t\t\t<\/div>","protected":false},"excerpt":{"rendered":"<p>VECKANS LUNCH Se vad f\u00f6r gott vi erbjuder denna vecka Lunch V. 17 Pris m\u00e5ndag till fredag: Ordinarie 130:- | H\u00e4fte 11 st 1300:- Pension\u00e4r: 120:- | H\u00e4fte 11 st 1200:- inkl. Sallad, br\u00f6d, sm\u00f6r, m\u00e5ltidsdryck kaffe &amp; kaka \u00a0 Nu kan du \u00e4ven best\u00e4lla pan pizza 1-16 till Lunchpris, \u00a0 g\u00e4ller \u00e4ven pension\u00e4rs pris [&hellip;]<\/p>\n","protected":false},"author":1,"featured_media":0,"parent":0,"menu_order":0,"comment_status":"closed","ping_status":"closed","template":"elementor_header_footer","meta":{"footnotes":""},"class_list":["post-15955","page","type-page","status-publish","hentry"],"yoast_head":"<!-- This site is optimized with the Yoast SEO plugin v27.4 - https:\/\/yoast.com\/product\/yoast-seo-wordpress\/ -->\n<title>Lunch - Restaurang Ceylan<\/title>\n<meta name=\"description\" content=\"Se vad f\u00f6r gott vi serverar denna vecka p\u00e5 Restaurang Ceylan, se veckans lunch och vad som ing\u00e5r med lunchen.\" \/>\n<meta name=\"robots\" content=\"index, follow, max-snippet:-1, max-image-preview:large, max-video-preview:-1\" \/>\n<link rel=\"canonical\" href=\"https:\/\/ceylanvetlanda.se\/en\/lunch\/\" \/>\n<meta property=\"og:locale\" content=\"en_GB\" \/>\n<meta property=\"og:type\" content=\"article\" \/>\n<meta property=\"og:title\" content=\"Lunch - Restaurang Ceylan\" \/>\n<meta property=\"og:description\" content=\"Se vad f\u00f6r gott vi serverar denna vecka p\u00e5 Restaurang Ceylan, se veckans lunch och vad som ing\u00e5r med lunchen.\" \/>\n<meta property=\"og:url\" content=\"https:\/\/ceylanvetlanda.se\/en\/lunch\/\" \/>\n<meta property=\"og:site_name\" content=\"Restaurang Ceylan\" \/>\n<meta property=\"article:publisher\" content=\"https:\/\/www.facebook.com\/profile.php?id=100010341751733\" \/>\n<meta property=\"article:modified_time\" content=\"2026-04-18T19:32:54+00:00\" \/>\n<meta name=\"twitter:card\" content=\"summary_large_image\" \/>\n<meta name=\"twitter:label1\" content=\"Estimated reading time\" \/>\n\t<meta name=\"twitter:data1\" content=\"1 minute\" \/>\n<script type=\"application\/ld+json\" class=\"yoast-schema-graph\">{\"@context\":\"https:\\\/\\\/schema.org\",\"@graph\":[{\"@type\":\"WebPage\",\"@id\":\"https:\\\/\\\/ceylanvetlanda.se\\\/lunch\\\/\",\"url\":\"https:\\\/\\\/ceylanvetlanda.se\\\/lunch\\\/\",\"name\":\"Lunch - Restaurang Ceylan\",\"isPartOf\":{\"@id\":\"https:\\\/\\\/ceylanvetlanda.se\\\/#website\"},\"datePublished\":\"2025-02-17T13:26:11+00:00\",\"dateModified\":\"2026-04-18T19:32:54+00:00\",\"description\":\"Se vad f\u00f6r gott vi serverar denna vecka p\u00e5 Restaurang Ceylan, se veckans lunch och vad som ing\u00e5r med lunchen.\",\"breadcrumb\":{\"@id\":\"https:\\\/\\\/ceylanvetlanda.se\\\/lunch\\\/#breadcrumb\"},\"inLanguage\":\"en-GB\",\"potentialAction\":[{\"@type\":\"ReadAction\",\"target\":[\"https:\\\/\\\/ceylanvetlanda.se\\\/lunch\\\/\"]}]},{\"@type\":\"BreadcrumbList\",\"@id\":\"https:\\\/\\\/ceylanvetlanda.se\\\/lunch\\\/#breadcrumb\",\"itemListElement\":[{\"@type\":\"ListItem\",\"position\":1,\"name\":\"Hem\",\"item\":\"https:\\\/\\\/ceylanvetlanda.se\\\/\"},{\"@type\":\"ListItem\",\"position\":2,\"name\":\"Lunch\"}]},{\"@type\":\"WebSite\",\"@id\":\"https:\\\/\\\/ceylanvetlanda.se\\\/#website\",\"url\":\"https:\\\/\\\/ceylanvetlanda.se\\\/\",\"name\":\"Restaurang Ceylan\",\"description\":\"En av Vetlandas \u00e4ldsta restauranger\",\"publisher\":{\"@id\":\"https:\\\/\\\/ceylanvetlanda.se\\\/#organization\"},\"potentialAction\":[{\"@type\":\"SearchAction\",\"target\":{\"@type\":\"EntryPoint\",\"urlTemplate\":\"https:\\\/\\\/ceylanvetlanda.se\\\/?s={search_term_string}\"},\"query-input\":{\"@type\":\"PropertyValueSpecification\",\"valueRequired\":true,\"valueName\":\"search_term_string\"}}],\"inLanguage\":\"en-GB\"},{\"@type\":\"Organization\",\"@id\":\"https:\\\/\\\/ceylanvetlanda.se\\\/#organization\",\"name\":\"Restaurang Ceylan\",\"url\":\"https:\\\/\\\/ceylanvetlanda.se\\\/\",\"logo\":{\"@type\":\"ImageObject\",\"inLanguage\":\"en-GB\",\"@id\":\"https:\\\/\\\/ceylanvetlanda.se\\\/#\\\/schema\\\/logo\\\/image\\\/\",\"url\":\"https:\\\/\\\/ceylanvetlanda.se\\\/wp-content\\\/uploads\\\/2022\\\/01\\\/Group-20-2.png\",\"contentUrl\":\"https:\\\/\\\/ceylanvetlanda.se\\\/wp-content\\\/uploads\\\/2022\\\/01\\\/Group-20-2.png\",\"width\":258,\"height\":67,\"caption\":\"Restaurang Ceylan\"},\"image\":{\"@id\":\"https:\\\/\\\/ceylanvetlanda.se\\\/#\\\/schema\\\/logo\\\/image\\\/\"},\"sameAs\":[\"https:\\\/\\\/www.facebook.com\\\/profile.php?id=100010341751733\",\"https:\\\/\\\/www.instagram.com\\\/restaurangceylan\\\/\"]}]}<\/script>\n<!-- \/ Yoast SEO plugin. -->","yoast_head_json":{"title":"Lunch - Restaurang Ceylan","description":"Se vad f\u00f6r gott vi serverar denna vecka p\u00e5 Restaurang Ceylan, se veckans lunch och vad som ing\u00e5r med lunchen.","robots":{"index":"index","follow":"follow","max-snippet":"max-snippet:-1","max-image-preview":"max-image-preview:large","max-video-preview":"max-video-preview:-1"},"canonical":"https:\/\/ceylanvetlanda.se\/en\/lunch\/","og_locale":"en_GB","og_type":"article","og_title":"Lunch - Restaurang Ceylan","og_description":"Se vad f\u00f6r gott vi serverar denna vecka p\u00e5 Restaurang Ceylan, se veckans lunch och vad som ing\u00e5r med lunchen.","og_url":"https:\/\/ceylanvetlanda.se\/en\/lunch\/","og_site_name":"Restaurang Ceylan","article_publisher":"https:\/\/www.facebook.com\/profile.php?id=100010341751733","article_modified_time":"2026-04-18T19:32:54+00:00","twitter_card":"summary_large_image","twitter_misc":{"Estimated reading time":"1 minute"},"schema":{"@context":"https:\/\/schema.org","@graph":[{"@type":"WebPage","@id":"https:\/\/ceylanvetlanda.se\/lunch\/","url":"https:\/\/ceylanvetlanda.se\/lunch\/","name":"Lunch - Restaurang Ceylan","isPartOf":{"@id":"https:\/\/ceylanvetlanda.se\/#website"},"datePublished":"2025-02-17T13:26:11+00:00","dateModified":"2026-04-18T19:32:54+00:00","description":"Se vad f\u00f6r gott vi serverar denna vecka p\u00e5 Restaurang Ceylan, se veckans lunch och vad som ing\u00e5r med lunchen.","breadcrumb":{"@id":"https:\/\/ceylanvetlanda.se\/lunch\/#breadcrumb"},"inLanguage":"en-GB","potentialAction":[{"@type":"ReadAction","target":["https:\/\/ceylanvetlanda.se\/lunch\/"]}]},{"@type":"BreadcrumbList","@id":"https:\/\/ceylanvetlanda.se\/lunch\/#breadcrumb","itemListElement":[{"@type":"ListItem","position":1,"name":"Hem","item":"https:\/\/ceylanvetlanda.se\/"},{"@type":"ListItem","position":2,"name":"Lunch"}]},{"@type":"WebSite","@id":"https:\/\/ceylanvetlanda.se\/#website","url":"https:\/\/ceylanvetlanda.se\/","name":"Restaurang Ceylan","description":"En av Vetlandas \u00e4ldsta restauranger","publisher":{"@id":"https:\/\/ceylanvetlanda.se\/#organization"},"potentialAction":[{"@type":"SearchAction","target":{"@type":"EntryPoint","urlTemplate":"https:\/\/ceylanvetlanda.se\/?s={search_term_string}"},"query-input":{"@type":"PropertyValueSpecification","valueRequired":true,"valueName":"search_term_string"}}],"inLanguage":"en-GB"},{"@type":"Organization","@id":"https:\/\/ceylanvetlanda.se\/#organization","name":"Restaurang Ceylan","url":"https:\/\/ceylanvetlanda.se\/","logo":{"@type":"ImageObject","inLanguage":"en-GB","@id":"https:\/\/ceylanvetlanda.se\/#\/schema\/logo\/image\/","url":"https:\/\/ceylanvetlanda.se\/wp-content\/uploads\/2022\/01\/Group-20-2.png","contentUrl":"https:\/\/ceylanvetlanda.se\/wp-content\/uploads\/2022\/01\/Group-20-2.png","width":258,"height":67,"caption":"Restaurang Ceylan"},"image":{"@id":"https:\/\/ceylanvetlanda.se\/#\/schema\/logo\/image\/"},"sameAs":["https:\/\/www.facebook.com\/profile.php?id=100010341751733","https:\/\/www.instagram.com\/restaurangceylan\/"]}]}},"_links":{"self":[{"href":"https:\/\/ceylanvetlanda.se\/en\/wp-json\/wp\/v2\/pages\/15955","targetHints":{"allow":["GET"]}}],"collection":[{"href":"https:\/\/ceylanvetlanda.se\/en\/wp-json\/wp\/v2\/pages"}],"about":[{"href":"https:\/\/ceylanvetlanda.se\/en\/wp-json\/wp\/v2\/types\/page"}],"author":[{"embeddable":true,"href":"https:\/\/ceylanvetlanda.se\/en\/wp-json\/wp\/v2\/users\/1"}],"replies":[{"embeddable":true,"href":"https:\/\/ceylanvetlanda.se\/en\/wp-json\/wp\/v2\/comments?post=15955"}],"version-history":[{"count":320,"href":"https:\/\/ceylanvetlanda.se\/en\/wp-json\/wp\/v2\/pages\/15955\/revisions"}],"predecessor-version":[{"id":16550,"href":"https:\/\/ceylanvetlanda.se\/en\/wp-json\/wp\/v2\/pages\/15955\/revisions\/16550"}],"wp:attachment":[{"href":"https:\/\/ceylanvetlanda.se\/en\/wp-json\/wp\/v2\/media?parent=15955"}],"curies":[{"name":"wp","href":"https:\/\/api.w.org\/{rel}","templated":true}]}}