{"id":6179,"date":"2022-01-31T01:16:56","date_gmt":"2022-01-31T00:16:56","guid":{"rendered":"https:\/\/ceylanvetlanda.se\/carte\/"},"modified":"2025-06-01T17:37:26","modified_gmt":"2025-06-01T15:37:26","slug":"carte","status":"publish","type":"page","link":"https:\/\/ceylanvetlanda.se\/en\/carte\/","title":{"rendered":"Cart\u00e9"},"content":{"rendered":"<div data-elementor-type=\"wp-page\" data-elementor-id=\"6179\" class=\"elementor elementor-6179\" data-elementor-post-type=\"page\">\n\t\t\t\t\t\t<section class=\"elementor-section elementor-top-section elementor-element elementor-element-2538db3 elementor-section-height-full elementor-section-boxed elementor-section-height-default elementor-section-items-middle\" data-id=\"2538db3\" data-element_type=\"section\" data-e-type=\"section\" data-settings=\"{&quot;background_background&quot;:&quot;classic&quot;}\">\n\t\t\t\t\t\t\t<div class=\"elementor-background-overlay\"><\/div>\n\t\t\t\t\t\t\t<div class=\"elementor-container elementor-column-gap-default\">\n\t\t\t\t\t<div class=\"elementor-column elementor-col-100 elementor-top-column elementor-element elementor-element-45d82d6f\" data-id=\"45d82d6f\" data-element_type=\"column\" data-e-type=\"column\">\n\t\t\t<div class=\"elementor-widget-wrap elementor-element-populated\">\n\t\t\t\t\t\t<div class=\"elementor-element elementor-element-7b312c6e elementor-widget elementor-widget-heading\" data-id=\"7b312c6e\" data-element_type=\"widget\" data-e-type=\"widget\" data-widget_type=\"heading.default\">\n\t\t\t\t<div class=\"elementor-widget-container\">\n\t\t\t\t\t<h2 class=\"elementor-heading-title elementor-size-default\">V\u00e5r Ala Cart\u00e9 meny<\/h2>\t\t\t\t<\/div>\n\t\t\t\t<\/div>\n\t\t\t\t<div class=\"elementor-element elementor-element-233fba90 elementor-widget-divider--view-line elementor-widget elementor-widget-divider\" data-id=\"233fba90\" data-element_type=\"widget\" data-e-type=\"widget\" data-widget_type=\"divider.default\">\n\t\t\t\t<div class=\"elementor-widget-container\">\n\t\t\t\t\t\t\t<div class=\"elementor-divider\">\n\t\t\t<span class=\"elementor-divider-separator\">\n\t\t\t\t\t\t<\/span>\n\t\t<\/div>\n\t\t\t\t\t\t<\/div>\n\t\t\t\t<\/div>\n\t\t\t\t<div class=\"elementor-element elementor-element-7ff1c70b elementor-widget elementor-widget-text-editor\" data-id=\"7ff1c70b\" data-element_type=\"widget\" data-e-type=\"widget\" data-widget_type=\"text-editor.default\">\n\t\t\t\t<div class=\"elementor-widget-container\">\n\t\t\t\t\t\t\t\t\t<p>Below you will find as a guest the times our ala carte menu is served, click on the button to open up the menu, or refuel it.<\/p>\t\t\t\t\t\t\t\t<\/div>\n\t\t\t\t<\/div>\n\t\t\t\t<div class=\"elementor-element elementor-element-652c5bc elementor-widget elementor-widget-heading\" data-id=\"652c5bc\" data-element_type=\"widget\" data-e-type=\"widget\" data-widget_type=\"heading.default\">\n\t\t\t\t<div class=\"elementor-widget-container\">\n\t\t\t\t\t<h2 class=\"elementor-heading-title elementor-size-default\">\u00d6ppetider<\/h2>\t\t\t\t<\/div>\n\t\t\t\t<\/div>\n\t\t\t\t<div class=\"elementor-element elementor-element-25bdd9c7 elementor-widget elementor-widget-text-editor\" data-id=\"25bdd9c7\" data-element_type=\"widget\" data-e-type=\"widget\" data-widget_type=\"text-editor.default\">\n\t\t\t\t<div class=\"elementor-widget-container\">\n\t\t\t\t\t\t\t\t\t<p><strong>Ala Cart\u00e9 menyn g\u00e4ller:<\/strong><\/p>\t\t\t\t\t\t\t\t<\/div>\n\t\t\t\t<\/div>\n\t\t\t\t<div class=\"elementor-element elementor-element-da276aa elementor-list-item-link-inline elementor-align-center elementor-icon-list--layout-traditional elementor-widget elementor-widget-icon-list\" data-id=\"da276aa\" data-element_type=\"widget\" data-e-type=\"widget\" data-widget_type=\"icon-list.default\">\n\t\t\t\t<div class=\"elementor-widget-container\">\n\t\t\t\t\t\t\t<ul class=\"elementor-icon-list-items\">\n\t\t\t\t\t\t\t<li class=\"elementor-icon-list-item\">\n\t\t\t\t\t\t\t\t\t\t<span class=\"elementor-icon-list-text\">Mon - thu 11:30 - 22:00<\/span>\n\t\t\t\t\t\t\t\t\t<\/li>\n\t\t\t\t\t\t\t\t<li class=\"elementor-icon-list-item\">\n\t\t\t\t\t\t\t\t\t\t<span class=\"elementor-icon-list-text\">Fri: 11:30 -23: 00<\/span>\n\t\t\t\t\t\t\t\t\t<\/li>\n\t\t\t\t\t\t\t\t<li class=\"elementor-icon-list-item\">\n\t\t\t\t\t\t\t\t\t\t<span class=\"elementor-icon-list-text\">Sat: 12: 00- 23:00<\/span>\n\t\t\t\t\t\t\t\t\t<\/li>\n\t\t\t\t\t\t\t\t<li class=\"elementor-icon-list-item\">\n\t\t\t\t\t\t\t\t\t\t<span class=\"elementor-icon-list-text\">Sun: CLOSED<\/span>\n\t\t\t\t\t\t\t\t\t<\/li>\n\t\t\t\t\t\t<\/ul>\n\t\t\t\t\t\t<\/div>\n\t\t\t\t<\/div>\n\t\t\t\t<div class=\"elementor-element elementor-element-110310f6 elementor-align-center elementor-tablet-align-center elementor-widget elementor-widget-button\" data-id=\"110310f6\" data-element_type=\"widget\" data-e-type=\"widget\" data-widget_type=\"button.default\">\n\t\t\t\t<div class=\"elementor-widget-container\">\n\t\t\t\t\t\t\t\t\t<div class=\"elementor-button-wrapper\">\n\t\t\t\t\t<a class=\"elementor-button elementor-button-link elementor-size-sm\" href=\"https:\/\/ceylanvetlanda.se\/wp-content\/uploads\/2025\/06\/Svenska-Menyn.pdf\" target=\"_blank\">\n\t\t\t\t\t\t<span class=\"elementor-button-content-wrapper\">\n\t\t\t\t\t\t\t\t\t<span class=\"elementor-button-text\">Ala Cart\u00e9 meny svenska<\/span>\n\t\t\t\t\t<\/span>\n\t\t\t\t\t<\/a>\n\t\t\t\t<\/div>\n\t\t\t\t\t\t\t\t<\/div>\n\t\t\t\t<\/div>\n\t\t\t\t<div class=\"elementor-element elementor-element-8ed2b3f elementor-align-center elementor-tablet-align-center elementor-widget elementor-widget-button\" data-id=\"8ed2b3f\" data-element_type=\"widget\" data-e-type=\"widget\" data-widget_type=\"button.default\">\n\t\t\t\t<div class=\"elementor-widget-container\">\n\t\t\t\t\t\t\t\t\t<div class=\"elementor-button-wrapper\">\n\t\t\t\t\t<a class=\"elementor-button elementor-button-link elementor-size-sm\" href=\"https:\/\/ceylanvetlanda.se\/wp-content\/uploads\/2025\/06\/Engelska-Menyn.pdf\" target=\"_blank\">\n\t\t\t\t\t\t<span class=\"elementor-button-content-wrapper\">\n\t\t\t\t\t\t\t\t\t<span class=\"elementor-button-text\">Ala cart\u00e9 menu english<\/span>\n\t\t\t\t\t<\/span>\n\t\t\t\t\t<\/a>\n\t\t\t\t<\/div>\n\t\t\t\t\t\t\t\t<\/div>\n\t\t\t\t<\/div>\n\t\t\t\t<div class=\"elementor-element elementor-element-e05d8d0 elementor-align-center elementor-tablet-align-center elementor-widget elementor-widget-button\" data-id=\"e05d8d0\" data-element_type=\"widget\" data-e-type=\"widget\" data-widget_type=\"button.default\">\n\t\t\t\t<div class=\"elementor-widget-container\">\n\t\t\t\t\t\t\t\t\t<div class=\"elementor-button-wrapper\">\n\t\t\t\t\t<a class=\"elementor-button elementor-button-link elementor-size-sm\" href=\"https:\/\/ceylanvetlanda.se\/wp-content\/uploads\/2025\/06\/Tyska-Menyn.pdf\" target=\"_blank\">\n\t\t\t\t\t\t<span class=\"elementor-button-content-wrapper\">\n\t\t\t\t\t\t\t\t\t<span class=\"elementor-button-text\">Se Ala cart\u00e9  meny tyska<\/span>\n\t\t\t\t\t<\/span>\n\t\t\t\t\t<\/a>\n\t\t\t\t<\/div>\n\t\t\t\t\t\t\t\t<\/div>\n\t\t\t\t<\/div>\n\t\t\t\t\t<\/div>\n\t\t<\/div>\n\t\t\t\t\t<\/div>\n\t\t<\/section>\n\t\t\t\t<\/div>","protected":false},"excerpt":{"rendered":"<p>V\u00e5r Ala Cart\u00e9 meny Nedan hittar du som g\u00e4st tiderna v\u00e5r ala carte meny serveras, klicka p\u00e5 knappen f\u00f6r att \u00f6ppna upp menyn, alternativt tanka ner den. \u00d6ppetider Ala Cart\u00e9 menyn g\u00e4ller: M\u00e5n &#8211; Tors 11:30 &#8211; 22:00 Fre: 11:30 -23:00 L\u00f6r: 12:00- 23:00 S\u00f6n: ST\u00c4NGT Ala Cart\u00e9 meny svenska Se Ala cart\u00e9 meny engelska [&hellip;]<\/p>\n","protected":false},"author":1,"featured_media":0,"parent":0,"menu_order":0,"comment_status":"closed","ping_status":"closed","template":"elementor_header_footer","meta":{"footnotes":""},"class_list":["post-6179","page","type-page","status-publish","hentry"],"yoast_head":"<!-- This site is optimized with the Yoast SEO plugin v27.4 - https:\/\/yoast.com\/product\/yoast-seo-wordpress\/ -->\n<title>Cart\u00e9 - Restaurang Ceylan<\/title>\n<meta name=\"description\" content=\"H\u00e4r hittar du v\u00e5r Ala cart\u00e9 meny som serveras, klicka p\u00e5 knappen f\u00f6r att \u00f6ppna upp menyn, alternativt tanka ner den.\" \/>\n<meta name=\"robots\" content=\"index, follow, max-snippet:-1, max-image-preview:large, max-video-preview:-1\" \/>\n<link rel=\"canonical\" href=\"https:\/\/ceylanvetlanda.se\/en\/carte\/\" \/>\n<meta property=\"og:locale\" content=\"en_GB\" \/>\n<meta property=\"og:type\" content=\"article\" \/>\n<meta property=\"og:title\" content=\"Cart\u00e9 - Restaurang Ceylan\" \/>\n<meta property=\"og:description\" content=\"H\u00e4r hittar du v\u00e5r Ala cart\u00e9 meny som serveras, klicka p\u00e5 knappen f\u00f6r att \u00f6ppna upp menyn, alternativt tanka ner den.\" \/>\n<meta property=\"og:url\" content=\"https:\/\/ceylanvetlanda.se\/en\/carte\/\" \/>\n<meta property=\"og:site_name\" content=\"Restaurang Ceylan\" \/>\n<meta property=\"article:publisher\" content=\"https:\/\/www.facebook.com\/profile.php?id=100010341751733\" \/>\n<meta property=\"article:modified_time\" content=\"2025-06-01T15:37:26+00:00\" \/>\n<meta name=\"twitter:card\" content=\"summary_large_image\" \/>\n<meta name=\"twitter:label1\" content=\"Estimated reading time\" \/>\n\t<meta name=\"twitter:data1\" content=\"1 minute\" \/>\n<script type=\"application\/ld+json\" class=\"yoast-schema-graph\">{\"@context\":\"https:\\\/\\\/schema.org\",\"@graph\":[{\"@type\":\"WebPage\",\"@id\":\"https:\\\/\\\/ceylanvetlanda.se\\\/carte\\\/\",\"url\":\"https:\\\/\\\/ceylanvetlanda.se\\\/carte\\\/\",\"name\":\"Cart\u00e9 - Restaurang Ceylan\",\"isPartOf\":{\"@id\":\"https:\\\/\\\/ceylanvetlanda.se\\\/#website\"},\"datePublished\":\"2022-01-31T00:16:56+00:00\",\"dateModified\":\"2025-06-01T15:37:26+00:00\",\"description\":\"H\u00e4r hittar du v\u00e5r Ala cart\u00e9 meny som serveras, klicka p\u00e5 knappen f\u00f6r att \u00f6ppna upp menyn, alternativt tanka ner den.\",\"breadcrumb\":{\"@id\":\"https:\\\/\\\/ceylanvetlanda.se\\\/carte\\\/#breadcrumb\"},\"inLanguage\":\"en-GB\",\"potentialAction\":[{\"@type\":\"ReadAction\",\"target\":[\"https:\\\/\\\/ceylanvetlanda.se\\\/carte\\\/\"]}]},{\"@type\":\"BreadcrumbList\",\"@id\":\"https:\\\/\\\/ceylanvetlanda.se\\\/carte\\\/#breadcrumb\",\"itemListElement\":[{\"@type\":\"ListItem\",\"position\":1,\"name\":\"Hem\",\"item\":\"https:\\\/\\\/ceylanvetlanda.se\\\/\"},{\"@type\":\"ListItem\",\"position\":2,\"name\":\"Cart\u00e9\"}]},{\"@type\":\"WebSite\",\"@id\":\"https:\\\/\\\/ceylanvetlanda.se\\\/#website\",\"url\":\"https:\\\/\\\/ceylanvetlanda.se\\\/\",\"name\":\"Restaurang Ceylan\",\"description\":\"En av Vetlandas \u00e4ldsta restauranger\",\"publisher\":{\"@id\":\"https:\\\/\\\/ceylanvetlanda.se\\\/#organization\"},\"potentialAction\":[{\"@type\":\"SearchAction\",\"target\":{\"@type\":\"EntryPoint\",\"urlTemplate\":\"https:\\\/\\\/ceylanvetlanda.se\\\/?s={search_term_string}\"},\"query-input\":{\"@type\":\"PropertyValueSpecification\",\"valueRequired\":true,\"valueName\":\"search_term_string\"}}],\"inLanguage\":\"en-GB\"},{\"@type\":\"Organization\",\"@id\":\"https:\\\/\\\/ceylanvetlanda.se\\\/#organization\",\"name\":\"Restaurang Ceylan\",\"url\":\"https:\\\/\\\/ceylanvetlanda.se\\\/\",\"logo\":{\"@type\":\"ImageObject\",\"inLanguage\":\"en-GB\",\"@id\":\"https:\\\/\\\/ceylanvetlanda.se\\\/#\\\/schema\\\/logo\\\/image\\\/\",\"url\":\"https:\\\/\\\/ceylanvetlanda.se\\\/wp-content\\\/uploads\\\/2022\\\/01\\\/Group-20-2.png\",\"contentUrl\":\"https:\\\/\\\/ceylanvetlanda.se\\\/wp-content\\\/uploads\\\/2022\\\/01\\\/Group-20-2.png\",\"width\":258,\"height\":67,\"caption\":\"Restaurang Ceylan\"},\"image\":{\"@id\":\"https:\\\/\\\/ceylanvetlanda.se\\\/#\\\/schema\\\/logo\\\/image\\\/\"},\"sameAs\":[\"https:\\\/\\\/www.facebook.com\\\/profile.php?id=100010341751733\",\"https:\\\/\\\/www.instagram.com\\\/restaurangceylan\\\/\"]}]}<\/script>\n<!-- \/ Yoast SEO plugin. -->","yoast_head_json":{"title":"Cart\u00e9 - Restaurang Ceylan","description":"H\u00e4r hittar du v\u00e5r Ala cart\u00e9 meny som serveras, klicka p\u00e5 knappen f\u00f6r att \u00f6ppna upp menyn, alternativt tanka ner den.","robots":{"index":"index","follow":"follow","max-snippet":"max-snippet:-1","max-image-preview":"max-image-preview:large","max-video-preview":"max-video-preview:-1"},"canonical":"https:\/\/ceylanvetlanda.se\/en\/carte\/","og_locale":"en_GB","og_type":"article","og_title":"Cart\u00e9 - Restaurang Ceylan","og_description":"H\u00e4r hittar du v\u00e5r Ala cart\u00e9 meny som serveras, klicka p\u00e5 knappen f\u00f6r att \u00f6ppna upp menyn, alternativt tanka ner den.","og_url":"https:\/\/ceylanvetlanda.se\/en\/carte\/","og_site_name":"Restaurang Ceylan","article_publisher":"https:\/\/www.facebook.com\/profile.php?id=100010341751733","article_modified_time":"2025-06-01T15:37:26+00:00","twitter_card":"summary_large_image","twitter_misc":{"Estimated reading time":"1 minute"},"schema":{"@context":"https:\/\/schema.org","@graph":[{"@type":"WebPage","@id":"https:\/\/ceylanvetlanda.se\/carte\/","url":"https:\/\/ceylanvetlanda.se\/carte\/","name":"Cart\u00e9 - Restaurang Ceylan","isPartOf":{"@id":"https:\/\/ceylanvetlanda.se\/#website"},"datePublished":"2022-01-31T00:16:56+00:00","dateModified":"2025-06-01T15:37:26+00:00","description":"H\u00e4r hittar du v\u00e5r Ala cart\u00e9 meny som serveras, klicka p\u00e5 knappen f\u00f6r att \u00f6ppna upp menyn, alternativt tanka ner den.","breadcrumb":{"@id":"https:\/\/ceylanvetlanda.se\/carte\/#breadcrumb"},"inLanguage":"en-GB","potentialAction":[{"@type":"ReadAction","target":["https:\/\/ceylanvetlanda.se\/carte\/"]}]},{"@type":"BreadcrumbList","@id":"https:\/\/ceylanvetlanda.se\/carte\/#breadcrumb","itemListElement":[{"@type":"ListItem","position":1,"name":"Hem","item":"https:\/\/ceylanvetlanda.se\/"},{"@type":"ListItem","position":2,"name":"Cart\u00e9"}]},{"@type":"WebSite","@id":"https:\/\/ceylanvetlanda.se\/#website","url":"https:\/\/ceylanvetlanda.se\/","name":"Restaurang Ceylan","description":"En av Vetlandas \u00e4ldsta restauranger","publisher":{"@id":"https:\/\/ceylanvetlanda.se\/#organization"},"potentialAction":[{"@type":"SearchAction","target":{"@type":"EntryPoint","urlTemplate":"https:\/\/ceylanvetlanda.se\/?s={search_term_string}"},"query-input":{"@type":"PropertyValueSpecification","valueRequired":true,"valueName":"search_term_string"}}],"inLanguage":"en-GB"},{"@type":"Organization","@id":"https:\/\/ceylanvetlanda.se\/#organization","name":"Restaurang Ceylan","url":"https:\/\/ceylanvetlanda.se\/","logo":{"@type":"ImageObject","inLanguage":"en-GB","@id":"https:\/\/ceylanvetlanda.se\/#\/schema\/logo\/image\/","url":"https:\/\/ceylanvetlanda.se\/wp-content\/uploads\/2022\/01\/Group-20-2.png","contentUrl":"https:\/\/ceylanvetlanda.se\/wp-content\/uploads\/2022\/01\/Group-20-2.png","width":258,"height":67,"caption":"Restaurang Ceylan"},"image":{"@id":"https:\/\/ceylanvetlanda.se\/#\/schema\/logo\/image\/"},"sameAs":["https:\/\/www.facebook.com\/profile.php?id=100010341751733","https:\/\/www.instagram.com\/restaurangceylan\/"]}]}},"_links":{"self":[{"href":"https:\/\/ceylanvetlanda.se\/en\/wp-json\/wp\/v2\/pages\/6179","targetHints":{"allow":["GET"]}}],"collection":[{"href":"https:\/\/ceylanvetlanda.se\/en\/wp-json\/wp\/v2\/pages"}],"about":[{"href":"https:\/\/ceylanvetlanda.se\/en\/wp-json\/wp\/v2\/types\/page"}],"author":[{"embeddable":true,"href":"https:\/\/ceylanvetlanda.se\/en\/wp-json\/wp\/v2\/users\/1"}],"replies":[{"embeddable":true,"href":"https:\/\/ceylanvetlanda.se\/en\/wp-json\/wp\/v2\/comments?post=6179"}],"version-history":[{"count":135,"href":"https:\/\/ceylanvetlanda.se\/en\/wp-json\/wp\/v2\/pages\/6179\/revisions"}],"predecessor-version":[{"id":16208,"href":"https:\/\/ceylanvetlanda.se\/en\/wp-json\/wp\/v2\/pages\/6179\/revisions\/16208"}],"wp:attachment":[{"href":"https:\/\/ceylanvetlanda.se\/en\/wp-json\/wp\/v2\/media?parent=6179"}],"curies":[{"name":"wp","href":"https:\/\/api.w.org\/{rel}","templated":true}]}}