{"id":9305,"date":"2022-01-31T01:19:46","date_gmt":"2022-01-31T00:19:46","guid":{"rendered":"https:\/\/ceylanvetlanda.se\/kontakt-2\/"},"modified":"2025-05-27T18:32:15","modified_gmt":"2025-05-27T16:32:15","slug":"kontakt","status":"publish","type":"page","link":"https:\/\/ceylanvetlanda.se\/en\/kontakt\/","title":{"rendered":"Contact"},"content":{"rendered":"\t\t<div data-elementor-type=\"wp-page\" data-elementor-id=\"9305\" class=\"elementor elementor-9305\" data-elementor-post-type=\"page\">\n\t\t\t\t\t\t<section class=\"elementor-section elementor-top-section elementor-element elementor-element-428db025 elementor-section-height-min-height elementor-section-boxed elementor-section-height-default elementor-section-items-middle\" data-id=\"428db025\" data-element_type=\"section\" data-e-type=\"section\" data-settings=\"{&quot;background_background&quot;:&quot;classic&quot;,&quot;shape_divider_bottom&quot;:&quot;arrow&quot;,&quot;shape_divider_bottom_negative&quot;:&quot;yes&quot;}\">\n\t\t\t\t\t\t\t<div class=\"elementor-background-overlay\"><\/div>\n\t\t\t\t\t\t<div class=\"elementor-shape elementor-shape-bottom\" aria-hidden=\"true\" data-negative=\"true\">\n\t\t\t<svg xmlns=\"http:\/\/www.w3.org\/2000\/svg\" viewBox=\"0 0 700 10\" preserveAspectRatio=\"none\">\n\t<path class=\"elementor-shape-fill\" d=\"M360 0L350 9.9 340 0 0 0 0 10 700 10 700 0\"\/>\n<\/svg>\t\t<\/div>\n\t\t\t\t\t<div class=\"elementor-container elementor-column-gap-default\">\n\t\t\t\t\t<div class=\"elementor-column elementor-col-100 elementor-top-column elementor-element elementor-element-4f667bd3\" data-id=\"4f667bd3\" data-element_type=\"column\" data-e-type=\"column\">\n\t\t\t<div class=\"elementor-widget-wrap elementor-element-populated\">\n\t\t\t\t\t\t<div class=\"elementor-element elementor-element-8f09c8 elementor-widget__width-auto elementor-widget elementor-widget-heading\" data-id=\"8f09c8\" data-element_type=\"widget\" data-e-type=\"widget\" data-widget_type=\"heading.default\">\n\t\t\t\t<div class=\"elementor-widget-container\">\n\t\t\t\t\t<h2 class=\"elementor-heading-title elementor-size-default\">\u2014 Kontakta oss \u2014<\/h2>\t\t\t\t<\/div>\n\t\t\t\t<\/div>\n\t\t\t\t<div class=\"elementor-element elementor-element-4b05fb8 elementor-widget elementor-widget-text-editor\" data-id=\"4b05fb8\" data-element_type=\"widget\" data-e-type=\"widget\" data-widget_type=\"text-editor.default\">\n\t\t\t\t<div class=\"elementor-widget-container\">\n\t\t\t\t\t\t\t\t\t<p>Vi finns h\u00e4r f\u00f6r att besvara dina fr\u00e5gor<\/p>\t\t\t\t\t\t\t\t<\/div>\n\t\t\t\t<\/div>\n\t\t\t\t<div class=\"elementor-element elementor-element-47d571b1 elementor-view-default elementor-widget elementor-widget-icon\" data-id=\"47d571b1\" data-element_type=\"widget\" data-e-type=\"widget\" data-widget_type=\"icon.default\">\n\t\t\t\t<div class=\"elementor-widget-container\">\n\t\t\t\t\t\t\t<div class=\"elementor-icon-wrapper\">\n\t\t\t<a class=\"elementor-icon\" href=\"#kontakt\">\n\t\t\t<i aria-hidden=\"true\" class=\"fas fa-chevron-down\"><\/i>\t\t\t<\/a>\n\t\t<\/div>\n\t\t\t\t\t\t<\/div>\n\t\t\t\t<\/div>\n\t\t\t\t\t<\/div>\n\t\t<\/div>\n\t\t\t\t\t<\/div>\n\t\t<\/section>\n\t\t\t\t<section class=\"elementor-section elementor-top-section elementor-element elementor-element-7705e5c5 elementor-section-height-min-height elementor-section-boxed elementor-section-height-default elementor-section-items-middle\" data-id=\"7705e5c5\" data-element_type=\"section\" data-e-type=\"section\" data-settings=\"{&quot;background_background&quot;:&quot;classic&quot;}\">\n\t\t\t\t\t\t<div class=\"elementor-container elementor-column-gap-default\">\n\t\t\t\t\t<div class=\"elementor-column elementor-col-50 elementor-top-column elementor-element elementor-element-71d1a2fc\" data-id=\"71d1a2fc\" data-element_type=\"column\" data-e-type=\"column\">\n\t\t\t<div class=\"elementor-widget-wrap elementor-element-populated\">\n\t\t\t\t\t\t<div class=\"elementor-element elementor-element-1f84d672 elementor-widget elementor-widget-menu-anchor\" data-id=\"1f84d672\" data-element_type=\"widget\" data-e-type=\"widget\" data-widget_type=\"menu-anchor.default\">\n\t\t\t\t<div class=\"elementor-widget-container\">\n\t\t\t\t\t\t\t<div class=\"elementor-menu-anchor\" id=\"kontakt\"><\/div>\n\t\t\t\t\t\t<\/div>\n\t\t\t\t<\/div>\n\t\t\t\t<div class=\"elementor-element elementor-element-19bd3bfd elementor-widget elementor-widget-heading\" data-id=\"19bd3bfd\" data-element_type=\"widget\" data-e-type=\"widget\" data-widget_type=\"heading.default\">\n\t\t\t\t<div class=\"elementor-widget-container\">\n\t\t\t\t\t<h2 class=\"elementor-heading-title elementor-size-default\">Kontaktv\u00e4gar<\/h2>\t\t\t\t<\/div>\n\t\t\t\t<\/div>\n\t\t\t\t<div class=\"elementor-element elementor-element-6cfae2f6 elementor-widget-divider--view-line elementor-widget elementor-widget-divider\" data-id=\"6cfae2f6\" data-element_type=\"widget\" data-e-type=\"widget\" data-widget_type=\"divider.default\">\n\t\t\t\t<div class=\"elementor-widget-container\">\n\t\t\t\t\t\t\t<div class=\"elementor-divider\">\n\t\t\t<span class=\"elementor-divider-separator\">\n\t\t\t\t\t\t<\/span>\n\t\t<\/div>\n\t\t\t\t\t\t<\/div>\n\t\t\t\t<\/div>\n\t\t\t\t<div class=\"elementor-element elementor-element-81d535b elementor-widget elementor-widget-text-editor\" data-id=\"81d535b\" data-element_type=\"widget\" data-e-type=\"widget\" data-widget_type=\"text-editor.default\">\n\t\t\t\t<div class=\"elementor-widget-container\">\n\t\t\t\t\t\t\t\t\t<p>Vid fr\u00e5gor eller funderingar var v\u00e4nlig och kontakta oss p\u00e5 f\u00f6ljande<\/p>\t\t\t\t\t\t\t\t<\/div>\n\t\t\t\t<\/div>\n\t\t\t\t<div class=\"elementor-element elementor-element-7073a1bd elementor-list-item-link-inline elementor-icon-list--layout-traditional elementor-widget elementor-widget-icon-list\" data-id=\"7073a1bd\" data-element_type=\"widget\" data-e-type=\"widget\" data-widget_type=\"icon-list.default\">\n\t\t\t\t<div class=\"elementor-widget-container\">\n\t\t\t\t\t\t\t<ul class=\"elementor-icon-list-items\">\n\t\t\t\t\t\t\t<li class=\"elementor-icon-list-item\">\n\t\t\t\t\t\t\t\t\t\t\t<a href=\"tel:0383-140%2010\">\n\n\t\t\t\t\t\t\t\t\t\t\t\t<span class=\"elementor-icon-list-icon\">\n\t\t\t\t\t\t\t<i aria-hidden=\"true\" class=\"fas fa-phone-alt\"><\/i>\t\t\t\t\t\t<\/span>\n\t\t\t\t\t\t\t\t\t\t<span class=\"elementor-icon-list-text\">Telefon: 0383-140 10<\/span>\n\t\t\t\t\t\t\t\t\t\t\t<\/a>\n\t\t\t\t\t\t\t\t\t<\/li>\n\t\t\t\t\t\t\t\t<li class=\"elementor-icon-list-item\">\n\t\t\t\t\t\t\t\t\t\t\t<a href=\"mailto:%20ceylandeluxe@hotmail.com?subject=Hur%20kan%20vi%20hj\u00e4lpa%20dig?&#038;body=Skriv%20ditt%20meddelande%20h\u00e4r\">\n\n\t\t\t\t\t\t\t\t\t\t\t\t<span class=\"elementor-icon-list-icon\">\n\t\t\t\t\t\t\t<i aria-hidden=\"true\" class=\"far fa-envelope\"><\/i>\t\t\t\t\t\t<\/span>\n\t\t\t\t\t\t\t\t\t\t<span class=\"elementor-icon-list-text\">Info &amp; Fr\u00e5gor: ceylandeluxe@hotmail.com<\/span>\n\t\t\t\t\t\t\t\t\t\t\t<\/a>\n\t\t\t\t\t\t\t\t\t<\/li>\n\t\t\t\t\t\t\t\t<li class=\"elementor-icon-list-item\">\n\t\t\t\t\t\t\t\t\t\t\t<a href=\"https:\/\/www.google.com\/maps\/place\/Restaurang+%26+Nattcaf%C3%A9+Ceylan+De+Luxe\/@57.428327,15.0780683,19z\/data=!4m5!3m4!1s0x465758ddd9796f3b:0xd0907786768298d9!8m2!3d57.4283223!4d15.0785956\" target=\"_blank\">\n\n\t\t\t\t\t\t\t\t\t\t\t\t<span class=\"elementor-icon-list-icon\">\n\t\t\t\t\t\t\t<i aria-hidden=\"true\" class=\"fas fa-map-pin\"><\/i>\t\t\t\t\t\t<\/span>\n\t\t\t\t\t\t\t\t\t\t<span class=\"elementor-icon-list-text\">Adress: Storgatan 37B, 574 31, Vetlanda<\/span>\n\t\t\t\t\t\t\t\t\t\t\t<\/a>\n\t\t\t\t\t\t\t\t\t<\/li>\n\t\t\t\t\t\t<\/ul>\n\t\t\t\t\t\t<\/div>\n\t\t\t\t<\/div>\n\t\t\t\t\t<\/div>\n\t\t<\/div>\n\t\t\t\t<div class=\"elementor-column elementor-col-50 elementor-top-column elementor-element elementor-element-2263a14\" data-id=\"2263a14\" data-element_type=\"column\" data-e-type=\"column\" data-settings=\"{&quot;background_background&quot;:&quot;classic&quot;}\">\n\t\t\t<div class=\"elementor-widget-wrap elementor-element-populated\">\n\t\t\t\t\t\t<div class=\"elementor-element elementor-element-76e38e2 caeaccept1 elementor-button-align-stretch elementor-widget elementor-widget-form\" data-id=\"76e38e2\" data-element_type=\"widget\" data-e-type=\"widget\" data-settings=\"{&quot;step_next_label&quot;:&quot;Next&quot;,&quot;step_previous_label&quot;:&quot;Previous&quot;,&quot;button_width&quot;:&quot;100&quot;,&quot;step_type&quot;:&quot;number_text&quot;,&quot;step_icon_shape&quot;:&quot;circle&quot;}\" data-widget_type=\"form.default\">\n\t\t\t\t<div class=\"elementor-widget-container\">\n\t\t\t\t\t\t\t<form class=\"elementor-form\" method=\"post\" id=\"KontaktaOs12s\" name=\"KontaktaOss\" aria-label=\"KontaktaOss\">\n\t\t\t<input type=\"hidden\" name=\"post_id\" value=\"9305\"\/>\n\t\t\t<input type=\"hidden\" name=\"form_id\" value=\"76e38e2\"\/>\n\t\t\t<input type=\"hidden\" name=\"referer_title\" value=\"Restaurang Ceylan\" \/>\n\n\t\t\t\n\t\t\t<div class=\"elementor-form-fields-wrapper elementor-labels-above\">\n\t\t\t\t\t\t\t\t<div class=\"elementor-field-type-text elementor-field-group elementor-column elementor-field-group-asdasd elementor-col-50 elementor-sm-50 elementor-field-required\">\n\t\t\t\t\t\t\t\t\t\t\t\t<label for=\"form-field-asdasd\" class=\"elementor-field-label\">\n\t\t\t\t\t\t\t\tNamn *\t\t\t\t\t\t\t<\/label>\n\t\t\t\t\t\t\t\t\t\t\t\t\t\t<input size=\"1\" type=\"text\" name=\"form_fields[asdasd]\" id=\"form-field-asdasd\" class=\"elementor-field elementor-size-sm  elementor-field-textual\" placeholder=\"Fullst\u00e4ndiga namn \" required=\"required\">\n\t\t\t\t\t\t\t\t\t\t\t<\/div>\n\t\t\t\t\t\t\t\t<div class=\"elementor-field-type-tel elementor-field-group elementor-column elementor-field-group-asdasdds elementor-col-50 elementor-sm-50 elementor-field-required\">\n\t\t\t\t\t\t\t\t\t\t\t\t<label for=\"form-field-asdasdds\" class=\"elementor-field-label\">\n\t\t\t\t\t\t\t\tTelefon *\t\t\t\t\t\t\t<\/label>\n\t\t\t\t\t\t\t\t<input size=\"1\" type=\"tel\" name=\"form_fields[asdasdds]\" id=\"form-field-asdasdds\" class=\"elementor-field elementor-size-sm  elementor-field-textual\" placeholder=\"ex. 070 123 45 67\" required=\"required\" pattern=\"[0-9()#&amp;+*-=.]+\" title=\"Only numbers and phone characters (#, -, *, etc) are accepted.\">\n\n\t\t\t\t\t\t<\/div>\n\t\t\t\t\t\t\t\t<div class=\"elementor-field-type-select elementor-field-group elementor-column elementor-field-group-qeqwe2 elementor-col-50 elementor-field-required\">\n\t\t\t\t\t\t\t\t\t\t\t\t<label for=\"form-field-qeqwe2\" class=\"elementor-field-label\">\n\t\t\t\t\t\t\t\t\u00c4rende *\t\t\t\t\t\t\t<\/label>\n\t\t\t\t\t\t\t\t<div class=\"elementor-field elementor-select-wrapper remove-before \">\n\t\t\t<div class=\"select-caret-down-wrapper\">\n\t\t\t\t<i aria-hidden=\"true\" class=\"eicon-caret-down\"><\/i>\t\t\t<\/div>\n\t\t\t<select name=\"form_fields[qeqwe2]\" id=\"form-field-qeqwe2\" class=\"elementor-field-textual elementor-size-sm\" required=\"required\">\n\t\t\t\t\t\t\t\t\t<option value=\"-- Vad avser \u00e4rendet --\">-- Vad avser \u00e4rendet --<\/option>\n\t\t\t\t\t\t\t\t\t<option value=\"Fr\u00e5ga \">Fr\u00e5ga <\/option>\n\t\t\t\t\t\t\t\t\t<option value=\"Evenemang\">Evenemang<\/option>\n\t\t\t\t\t\t\t\t\t<option value=\"Bokning\">Bokning<\/option>\n\t\t\t\t\t\t\t\t\t<option value=\"\u00d6vrigt\">\u00d6vrigt<\/option>\n\t\t\t\t\t\t\t<\/select>\n\t\t<\/div>\n\t\t\t\t\t\t<\/div>\n\t\t\t\t\t\t\t\t<div class=\"elementor-field-type-email elementor-field-group elementor-column elementor-field-group-fafasd elementor-col-50 elementor-field-required\">\n\t\t\t\t\t\t\t\t\t\t\t\t<label for=\"form-field-fafasd\" class=\"elementor-field-label\">\n\t\t\t\t\t\t\t\tE-post *\t\t\t\t\t\t\t<\/label>\n\t\t\t\t\t\t\t\t\t\t\t\t\t\t<input size=\"1\" type=\"email\" name=\"form_fields[fafasd]\" id=\"form-field-fafasd\" class=\"elementor-field elementor-size-sm  elementor-field-textual\" placeholder=\"Din e-post\" required=\"required\">\n\t\t\t\t\t\t\t\t\t\t\t<\/div>\n\t\t\t\t\t\t\t\t<div class=\"elementor-field-type-textarea elementor-field-group elementor-column elementor-field-group-wqe12 elementor-col-100\">\n\t\t\t\t\t\t\t\t\t\t\t\t<label for=\"form-field-wqe12\" class=\"elementor-field-label\">\n\t\t\t\t\t\t\t\tMeddelande\t\t\t\t\t\t\t<\/label>\n\t\t\t\t\t\t<textarea class=\"elementor-field-textual elementor-field  elementor-size-sm\" name=\"form_fields[wqe12]\" id=\"form-field-wqe12\" rows=\"4\" placeholder=\"L\u00e4mna g\u00e4rna oss ett meddelande\"><\/textarea>\t\t\t\t<\/div>\n\t\t\t\t\t\t\t\t<div class=\"elementor-field-type-html elementor-field-group elementor-column elementor-field-group-field_6190d19 elementor-col-100\">\n\t\t\t\t\t <input type=\"checkbox\" id=\"scales\" name=\"scales\" \n         required> Jag godk\u00e4nner Ceylans <a href=\"https:\/\/ceylanvetlanda.se\/integritetspolicy\/\" target=\"_blank\">Integritetspolicy<\/a>\t\t\t\t<\/div>\n\t\t\t\t\t\t\t\t<div class=\"elementor-field-type-recaptcha_v3 elementor-field-group elementor-column elementor-field-group-field_c336b21 elementor-col-100 recaptcha_v3-inline\">\n\t\t\t\t\t<div class=\"elementor-field\" id=\"form-field-field_c336b21\"><div class=\"elementor-g-recaptcha\" data-sitekey=\"6LcnG6QeAAAAANLATsERhFK3Vu623_o_wd69YCKr\" data-type=\"v3\" data-action=\"Form\" data-badge=\"inline\" data-size=\"invisible\"><\/div><\/div>\t\t\t\t<\/div>\n\t\t\t\t\t\t\t\t<div class=\"elementor-field-group elementor-column elementor-field-type-submit elementor-col-100 e-form__buttons\">\n\t\t\t\t\t<button class=\"elementor-button elementor-size-sm\" type=\"submit\">\n\t\t\t\t\t\t<span class=\"elementor-button-content-wrapper\">\n\t\t\t\t\t\t\t\t\t\t\t\t\t\t\t\t\t\t\t\t\t\t<span class=\"elementor-button-text\">Skicka meddelande<\/span>\n\t\t\t\t\t\t\t\t\t\t\t\t\t<\/span>\n\t\t\t\t\t<\/button>\n\t\t\t\t<\/div>\n\t\t\t<\/div>\n\t\t<\/form>\n\t\t\t\t\t\t<\/div>\n\t\t\t\t<\/div>\n\t\t\t\t\t<\/div>\n\t\t<\/div>\n\t\t\t\t\t<\/div>\n\t\t<\/section>\n\t\t\t\t<section class=\"elementor-section elementor-top-section elementor-element elementor-element-190c447b elementor-section-height-min-height elementor-section-boxed elementor-section-height-default elementor-section-items-middle\" data-id=\"190c447b\" data-element_type=\"section\" data-e-type=\"section\" data-settings=\"{&quot;background_background&quot;:&quot;classic&quot;}\">\n\t\t\t\t\t\t<div class=\"elementor-container elementor-column-gap-default\">\n\t\t\t\t\t<div class=\"elementor-column elementor-col-100 elementor-top-column elementor-element elementor-element-36d8697b\" data-id=\"36d8697b\" data-element_type=\"column\" data-e-type=\"column\">\n\t\t\t<div class=\"elementor-widget-wrap elementor-element-populated\">\n\t\t\t\t\t\t<div class=\"elementor-element elementor-element-7aaec512 elementor-widget elementor-widget-google_maps\" data-id=\"7aaec512\" data-element_type=\"widget\" data-e-type=\"widget\" data-widget_type=\"google_maps.default\">\n\t\t\t\t<div class=\"elementor-widget-container\">\n\t\t\t\t\t\t\t<div class=\"elementor-custom-embed\">\n\t\t\t<iframe loading=\"lazy\"\n\t\t\t\t\tsrc=\"https:\/\/maps.google.com\/maps?q=Ceylan%20vetlanda&#038;t=m&#038;z=14&#038;output=embed&#038;iwloc=near\"\n\t\t\t\t\ttitle=\"Ceylan vetlanda\"\n\t\t\t\t\taria-label=\"Ceylan vetlanda\"\n\t\t\t><\/iframe>\n\t\t<\/div>\n\t\t\t\t\t\t<\/div>\n\t\t\t\t<\/div>\n\t\t\t\t\t<\/div>\n\t\t<\/div>\n\t\t\t\t\t<\/div>\n\t\t<\/section>\n\t\t\t\t<\/div>\n\t\t","protected":false},"excerpt":{"rendered":"<p>\u2014 Kontakta oss \u2014 Vi finns h\u00e4r f\u00f6r att besvara dina fr\u00e5gor Kontaktv\u00e4gar Vid fr\u00e5gor eller funderingar var v\u00e4nlig och kontakta oss p\u00e5 f\u00f6ljande Telefon: 0383-140 10 Info &#038; Fr\u00e5gor: ceylandeluxe@hotmail.com Adress: Storgatan 37B, 574 31, Vetlanda<\/p>","protected":false},"author":1,"featured_media":0,"parent":0,"menu_order":0,"comment_status":"closed","ping_status":"closed","template":"elementor_header_footer","meta":{"footnotes":""},"class_list":["post-9305","page","type-page","status-publish","hentry"],"yoast_head":"<!-- This site is optimized with the Yoast SEO plugin v27.4 - https:\/\/yoast.com\/product\/yoast-seo-wordpress\/ -->\n<title>Kontakt - Restaurang Ceylan<\/title>\n<meta name=\"description\" content=\"Har du fr\u00e5gor och funderingar om en bokning, maten eller ett inkommande evenemang? Tveka inte d\u00e5 h\u00f6ra av dig till oss p\u00e5 Restaurang Ceylan.\" \/>\n<meta name=\"robots\" content=\"index, follow, max-snippet:-1, max-image-preview:large, max-video-preview:-1\" \/>\n<link rel=\"canonical\" href=\"https:\/\/ceylanvetlanda.se\/en\/kontakt\/\" \/>\n<meta property=\"og:locale\" content=\"en_GB\" \/>\n<meta property=\"og:type\" content=\"article\" \/>\n<meta property=\"og:title\" content=\"Kontakt - Restaurang Ceylan\" \/>\n<meta property=\"og:description\" content=\"Har du fr\u00e5gor och funderingar om en bokning, maten eller ett inkommande evenemang? Tveka inte d\u00e5 h\u00f6ra av dig till oss p\u00e5 Restaurang Ceylan.\" \/>\n<meta property=\"og:url\" content=\"https:\/\/ceylanvetlanda.se\/en\/kontakt\/\" \/>\n<meta property=\"og:site_name\" content=\"Restaurang Ceylan\" \/>\n<meta property=\"article:publisher\" content=\"https:\/\/www.facebook.com\/profile.php?id=100010341751733\" \/>\n<meta property=\"article:modified_time\" content=\"2025-05-27T16:32:15+00:00\" \/>\n<meta name=\"twitter:card\" content=\"summary_large_image\" \/>\n<meta name=\"twitter:label1\" content=\"Estimated reading time\" \/>\n\t<meta name=\"twitter:data1\" content=\"1 minute\" \/>\n<script type=\"application\/ld+json\" class=\"yoast-schema-graph\">{\"@context\":\"https:\\\/\\\/schema.org\",\"@graph\":[{\"@type\":\"WebPage\",\"@id\":\"https:\\\/\\\/ceylanvetlanda.se\\\/kontakt\\\/\",\"url\":\"https:\\\/\\\/ceylanvetlanda.se\\\/kontakt\\\/\",\"name\":\"Kontakt - Restaurang Ceylan\",\"isPartOf\":{\"@id\":\"https:\\\/\\\/ceylanvetlanda.se\\\/#website\"},\"datePublished\":\"2022-01-31T00:19:46+00:00\",\"dateModified\":\"2025-05-27T16:32:15+00:00\",\"description\":\"Har du fr\u00e5gor och funderingar om en bokning, maten eller ett inkommande evenemang? Tveka inte d\u00e5 h\u00f6ra av dig till oss p\u00e5 Restaurang Ceylan.\",\"breadcrumb\":{\"@id\":\"https:\\\/\\\/ceylanvetlanda.se\\\/kontakt\\\/#breadcrumb\"},\"inLanguage\":\"en-GB\",\"potentialAction\":[{\"@type\":\"ReadAction\",\"target\":[\"https:\\\/\\\/ceylanvetlanda.se\\\/kontakt\\\/\"]}]},{\"@type\":\"BreadcrumbList\",\"@id\":\"https:\\\/\\\/ceylanvetlanda.se\\\/kontakt\\\/#breadcrumb\",\"itemListElement\":[{\"@type\":\"ListItem\",\"position\":1,\"name\":\"Hem\",\"item\":\"https:\\\/\\\/ceylanvetlanda.se\\\/\"},{\"@type\":\"ListItem\",\"position\":2,\"name\":\"Kontakt\"}]},{\"@type\":\"WebSite\",\"@id\":\"https:\\\/\\\/ceylanvetlanda.se\\\/#website\",\"url\":\"https:\\\/\\\/ceylanvetlanda.se\\\/\",\"name\":\"Restaurang Ceylan\",\"description\":\"En av Vetlandas \u00e4ldsta restauranger\",\"publisher\":{\"@id\":\"https:\\\/\\\/ceylanvetlanda.se\\\/#organization\"},\"potentialAction\":[{\"@type\":\"SearchAction\",\"target\":{\"@type\":\"EntryPoint\",\"urlTemplate\":\"https:\\\/\\\/ceylanvetlanda.se\\\/?s={search_term_string}\"},\"query-input\":{\"@type\":\"PropertyValueSpecification\",\"valueRequired\":true,\"valueName\":\"search_term_string\"}}],\"inLanguage\":\"en-GB\"},{\"@type\":\"Organization\",\"@id\":\"https:\\\/\\\/ceylanvetlanda.se\\\/#organization\",\"name\":\"Restaurang Ceylan\",\"url\":\"https:\\\/\\\/ceylanvetlanda.se\\\/\",\"logo\":{\"@type\":\"ImageObject\",\"inLanguage\":\"en-GB\",\"@id\":\"https:\\\/\\\/ceylanvetlanda.se\\\/#\\\/schema\\\/logo\\\/image\\\/\",\"url\":\"https:\\\/\\\/ceylanvetlanda.se\\\/wp-content\\\/uploads\\\/2022\\\/01\\\/Group-20-2.png\",\"contentUrl\":\"https:\\\/\\\/ceylanvetlanda.se\\\/wp-content\\\/uploads\\\/2022\\\/01\\\/Group-20-2.png\",\"width\":258,\"height\":67,\"caption\":\"Restaurang Ceylan\"},\"image\":{\"@id\":\"https:\\\/\\\/ceylanvetlanda.se\\\/#\\\/schema\\\/logo\\\/image\\\/\"},\"sameAs\":[\"https:\\\/\\\/www.facebook.com\\\/profile.php?id=100010341751733\",\"https:\\\/\\\/www.instagram.com\\\/restaurangceylan\\\/\"]}]}<\/script>\n<!-- \/ Yoast SEO plugin. -->","yoast_head_json":{"title":"Kontakt - Restaurang Ceylan","description":"Har du fr\u00e5gor och funderingar om en bokning, maten eller ett inkommande evenemang? Tveka inte d\u00e5 h\u00f6ra av dig till oss p\u00e5 Restaurang Ceylan.","robots":{"index":"index","follow":"follow","max-snippet":"max-snippet:-1","max-image-preview":"max-image-preview:large","max-video-preview":"max-video-preview:-1"},"canonical":"https:\/\/ceylanvetlanda.se\/en\/kontakt\/","og_locale":"en_GB","og_type":"article","og_title":"Kontakt - Restaurang Ceylan","og_description":"Har du fr\u00e5gor och funderingar om en bokning, maten eller ett inkommande evenemang? Tveka inte d\u00e5 h\u00f6ra av dig till oss p\u00e5 Restaurang Ceylan.","og_url":"https:\/\/ceylanvetlanda.se\/en\/kontakt\/","og_site_name":"Restaurang Ceylan","article_publisher":"https:\/\/www.facebook.com\/profile.php?id=100010341751733","article_modified_time":"2025-05-27T16:32:15+00:00","twitter_card":"summary_large_image","twitter_misc":{"Estimated reading time":"1 minute"},"schema":{"@context":"https:\/\/schema.org","@graph":[{"@type":"WebPage","@id":"https:\/\/ceylanvetlanda.se\/kontakt\/","url":"https:\/\/ceylanvetlanda.se\/kontakt\/","name":"Kontakt - Restaurang Ceylan","isPartOf":{"@id":"https:\/\/ceylanvetlanda.se\/#website"},"datePublished":"2022-01-31T00:19:46+00:00","dateModified":"2025-05-27T16:32:15+00:00","description":"Har du fr\u00e5gor och funderingar om en bokning, maten eller ett inkommande evenemang? Tveka inte d\u00e5 h\u00f6ra av dig till oss p\u00e5 Restaurang Ceylan.","breadcrumb":{"@id":"https:\/\/ceylanvetlanda.se\/kontakt\/#breadcrumb"},"inLanguage":"en-GB","potentialAction":[{"@type":"ReadAction","target":["https:\/\/ceylanvetlanda.se\/kontakt\/"]}]},{"@type":"BreadcrumbList","@id":"https:\/\/ceylanvetlanda.se\/kontakt\/#breadcrumb","itemListElement":[{"@type":"ListItem","position":1,"name":"Hem","item":"https:\/\/ceylanvetlanda.se\/"},{"@type":"ListItem","position":2,"name":"Kontakt"}]},{"@type":"WebSite","@id":"https:\/\/ceylanvetlanda.se\/#website","url":"https:\/\/ceylanvetlanda.se\/","name":"Restaurang Ceylan","description":"En av Vetlandas \u00e4ldsta restauranger","publisher":{"@id":"https:\/\/ceylanvetlanda.se\/#organization"},"potentialAction":[{"@type":"SearchAction","target":{"@type":"EntryPoint","urlTemplate":"https:\/\/ceylanvetlanda.se\/?s={search_term_string}"},"query-input":{"@type":"PropertyValueSpecification","valueRequired":true,"valueName":"search_term_string"}}],"inLanguage":"en-GB"},{"@type":"Organization","@id":"https:\/\/ceylanvetlanda.se\/#organization","name":"Restaurang Ceylan","url":"https:\/\/ceylanvetlanda.se\/","logo":{"@type":"ImageObject","inLanguage":"en-GB","@id":"https:\/\/ceylanvetlanda.se\/#\/schema\/logo\/image\/","url":"https:\/\/ceylanvetlanda.se\/wp-content\/uploads\/2022\/01\/Group-20-2.png","contentUrl":"https:\/\/ceylanvetlanda.se\/wp-content\/uploads\/2022\/01\/Group-20-2.png","width":258,"height":67,"caption":"Restaurang Ceylan"},"image":{"@id":"https:\/\/ceylanvetlanda.se\/#\/schema\/logo\/image\/"},"sameAs":["https:\/\/www.facebook.com\/profile.php?id=100010341751733","https:\/\/www.instagram.com\/restaurangceylan\/"]}]}},"_links":{"self":[{"href":"https:\/\/ceylanvetlanda.se\/en\/wp-json\/wp\/v2\/pages\/9305","targetHints":{"allow":["GET"]}}],"collection":[{"href":"https:\/\/ceylanvetlanda.se\/en\/wp-json\/wp\/v2\/pages"}],"about":[{"href":"https:\/\/ceylanvetlanda.se\/en\/wp-json\/wp\/v2\/types\/page"}],"author":[{"embeddable":true,"href":"https:\/\/ceylanvetlanda.se\/en\/wp-json\/wp\/v2\/users\/1"}],"replies":[{"embeddable":true,"href":"https:\/\/ceylanvetlanda.se\/en\/wp-json\/wp\/v2\/comments?post=9305"}],"version-history":[{"count":112,"href":"https:\/\/ceylanvetlanda.se\/en\/wp-json\/wp\/v2\/pages\/9305\/revisions"}],"predecessor-version":[{"id":16194,"href":"https:\/\/ceylanvetlanda.se\/en\/wp-json\/wp\/v2\/pages\/9305\/revisions\/16194"}],"wp:attachment":[{"href":"https:\/\/ceylanvetlanda.se\/en\/wp-json\/wp\/v2\/media?parent=9305"}],"curies":[{"name":"wp","href":"https:\/\/api.w.org\/{rel}","templated":true}]}}