{"id":9326,"date":"2022-01-31T01:19:56","date_gmt":"2022-01-31T00:19:56","guid":{"rendered":"https:\/\/ceylanvetlanda.se\/om-oss-2\/"},"modified":"2025-05-27T18:29:35","modified_gmt":"2025-05-27T16:29:35","slug":"om-oss","status":"publish","type":"page","link":"https:\/\/ceylanvetlanda.se\/en\/om-oss\/","title":{"rendered":"About us"},"content":{"rendered":"<div data-elementor-type=\"wp-page\" data-elementor-id=\"9326\" class=\"elementor elementor-9326\" data-elementor-post-type=\"page\">\n\t\t\t\t\t\t<section class=\"elementor-section elementor-top-section elementor-element elementor-element-467841c9 elementor-section-height-min-height elementor-section-boxed elementor-section-height-default elementor-section-items-middle\" data-id=\"467841c9\" data-element_type=\"section\" data-e-type=\"section\" data-settings=\"{&quot;background_background&quot;:&quot;classic&quot;,&quot;shape_divider_bottom&quot;:&quot;arrow&quot;,&quot;shape_divider_bottom_negative&quot;:&quot;yes&quot;}\">\n\t\t\t\t\t\t\t<div class=\"elementor-background-overlay\"><\/div>\n\t\t\t\t\t\t<div class=\"elementor-shape elementor-shape-bottom\" aria-hidden=\"true\" data-negative=\"true\">\n\t\t\t<svg xmlns=\"http:\/\/www.w3.org\/2000\/svg\" viewbox=\"0 0 700 10\" preserveaspectratio=\"none\">\n\t<path class=\"elementor-shape-fill\" d=\"M360 0L350 9.9 340 0 0 0 0 10 700 10 700 0\"\/>\n<\/svg>\t\t<\/div>\n\t\t\t\t\t<div class=\"elementor-container elementor-column-gap-default\">\n\t\t\t\t\t<div class=\"elementor-column elementor-col-100 elementor-top-column elementor-element elementor-element-1edfed37\" data-id=\"1edfed37\" data-element_type=\"column\" data-e-type=\"column\">\n\t\t\t<div class=\"elementor-widget-wrap elementor-element-populated\">\n\t\t\t\t\t\t<div class=\"elementor-element elementor-element-3387b174 elementor-widget__width-auto elementor-widget elementor-widget-heading\" data-id=\"3387b174\" data-element_type=\"widget\" data-e-type=\"widget\" data-widget_type=\"heading.default\">\n\t\t\t\t<div class=\"elementor-widget-container\">\n\t\t\t\t\t<h2 class=\"elementor-heading-title elementor-size-default\">- Food for the whole family -<\/h2>\t\t\t\t<\/div>\n\t\t\t\t<\/div>\n\t\t\t\t<div class=\"elementor-element elementor-element-56da3668 elementor-view-default elementor-widget elementor-widget-icon\" data-id=\"56da3668\" data-element_type=\"widget\" data-e-type=\"widget\" data-widget_type=\"icon.default\">\n\t\t\t\t<div class=\"elementor-widget-container\">\n\t\t\t\t\t\t\t<div class=\"elementor-icon-wrapper\">\n\t\t\t<a class=\"elementor-icon\" href=\"#resa\">\n\t\t\t<i aria-hidden=\"true\" class=\"fas fa-chevron-down\"><\/i>\t\t\t<\/a>\n\t\t<\/div>\n\t\t\t\t\t\t<\/div>\n\t\t\t\t<\/div>\n\t\t\t\t\t<\/div>\n\t\t<\/div>\n\t\t\t\t\t<\/div>\n\t\t<\/section>\n\t\t\t\t<section class=\"elementor-section elementor-top-section elementor-element elementor-element-1ea77610 elementor-section-boxed elementor-section-height-default elementor-section-height-default\" data-id=\"1ea77610\" data-element_type=\"section\" data-e-type=\"section\">\n\t\t\t\t\t\t<div class=\"elementor-container elementor-column-gap-default\">\n\t\t\t\t\t<div class=\"elementor-column elementor-col-100 elementor-top-column elementor-element elementor-element-c4e7baf\" data-id=\"c4e7baf\" data-element_type=\"column\" data-e-type=\"column\">\n\t\t\t<div class=\"elementor-widget-wrap elementor-element-populated\">\n\t\t\t\t\t\t<div class=\"elementor-element elementor-element-4ec08f45 elementor-widget elementor-widget-menu-anchor\" data-id=\"4ec08f45\" data-element_type=\"widget\" data-e-type=\"widget\" data-widget_type=\"menu-anchor.default\">\n\t\t\t\t<div class=\"elementor-widget-container\">\n\t\t\t\t\t\t\t<div class=\"elementor-menu-anchor\" id=\"resa\"><\/div>\n\t\t\t\t\t\t<\/div>\n\t\t\t\t<\/div>\n\t\t\t\t<div class=\"elementor-element elementor-element-1f1eae07 elementor-widget elementor-widget-heading\" data-id=\"1f1eae07\" data-element_type=\"widget\" data-e-type=\"widget\" data-widget_type=\"heading.default\">\n\t\t\t\t<div class=\"elementor-widget-container\">\n\t\t\t\t\t<h2 class=\"elementor-heading-title elementor-size-default\">Mat f\u00f6r hela familjen!<\/h2>\t\t\t\t<\/div>\n\t\t\t\t<\/div>\n\t\t\t\t<div class=\"elementor-element elementor-element-66b5f026 elementor-widget-divider--view-line elementor-widget elementor-widget-divider\" data-id=\"66b5f026\" data-element_type=\"widget\" data-e-type=\"widget\" data-widget_type=\"divider.default\">\n\t\t\t\t<div class=\"elementor-widget-container\">\n\t\t\t\t\t\t\t<div class=\"elementor-divider\">\n\t\t\t<span class=\"elementor-divider-separator\">\n\t\t\t\t\t\t<\/span>\n\t\t<\/div>\n\t\t\t\t\t\t<\/div>\n\t\t\t\t<\/div>\n\t\t\t\t<div class=\"elementor-element elementor-element-13b559c6 elementor-widget elementor-widget-text-editor\" data-id=\"13b559c6\" data-element_type=\"widget\" data-e-type=\"widget\" data-widget_type=\"text-editor.default\">\n\t\t\t\t<div class=\"elementor-widget-container\">\n\t\t\t\t\t\t\t\t\t<p>Vi kan stolt p\u00e5sto att vi \u00e4r ett av Vetlandas \u00e4ldsta kr\u00f6gare. Sedan 1997 har vi drivit Restauranger med m\u00e5let att alltid erbjuda god mat f\u00f6r hela familjen.<\/p><p>Our concept is uncomplicated - just like our food. We have hand-picked the very best from the Swedish home cooking. Ceylan\u00b4s - food for the whole family. A warm welcome wishes the Ceylan family with the staff.<\/p>\t\t\t\t\t\t\t\t<\/div>\n\t\t\t\t<\/div>\n\t\t\t\t<div class=\"elementor-element elementor-element-3ea19266 elementor-align-center elementor-tablet-align-center elementor-widget elementor-widget-button\" data-id=\"3ea19266\" data-element_type=\"widget\" data-e-type=\"widget\" data-widget_type=\"button.default\">\n\t\t\t\t<div class=\"elementor-widget-container\">\n\t\t\t\t\t\t\t\t\t<div class=\"elementor-button-wrapper\">\n\t\t\t\t\t<a class=\"elementor-button elementor-button-link elementor-size-sm\" href=\"#elementor-action%3Aaction%3Dpopup%3Aopen%26settings%3DeyJpZCI6IjkxODkiLCJ0b2dnbGUiOmZhbHNlfQ%3D%3D\">\n\t\t\t\t\t\t<span class=\"elementor-button-content-wrapper\">\n\t\t\t\t\t\t\t\t\t<span class=\"elementor-button-text\">Have a meal with us<\/span>\n\t\t\t\t\t<\/span>\n\t\t\t\t\t<\/a>\n\t\t\t\t<\/div>\n\t\t\t\t\t\t\t\t<\/div>\n\t\t\t\t<\/div>\n\t\t\t\t\t<\/div>\n\t\t<\/div>\n\t\t\t\t\t<\/div>\n\t\t<\/section>\n\t\t\t\t<section class=\"elementor-section elementor-top-section elementor-element elementor-element-7b7a384c elementor-section-height-min-height elementor-hidden-desktop elementor-hidden-tablet elementor-hidden-mobile elementor-section-boxed elementor-section-height-default elementor-section-items-middle\" data-id=\"7b7a384c\" data-element_type=\"section\" data-e-type=\"section\" data-settings=\"{&quot;background_background&quot;:&quot;classic&quot;}\">\n\t\t\t\t\t\t<div class=\"elementor-container elementor-column-gap-default\">\n\t\t\t\t\t<div class=\"elementor-column elementor-col-50 elementor-top-column elementor-element elementor-element-10fb9fd4\" data-id=\"10fb9fd4\" data-element_type=\"column\" data-e-type=\"column\">\n\t\t\t<div class=\"elementor-widget-wrap elementor-element-populated\">\n\t\t\t\t\t\t<div class=\"elementor-element elementor-element-2124f676 elementor-widget elementor-widget-heading\" data-id=\"2124f676\" data-element_type=\"widget\" data-e-type=\"widget\" data-widget_type=\"heading.default\">\n\t\t\t\t<div class=\"elementor-widget-container\">\n\t\t\t\t\t<h2 class=\"elementor-heading-title elementor-size-default\"> Food for the whole family<\/h2>\t\t\t\t<\/div>\n\t\t\t\t<\/div>\n\t\t\t\t<div class=\"elementor-element elementor-element-7a9006cd elementor-widget-divider--view-line elementor-widget elementor-widget-divider\" data-id=\"7a9006cd\" data-element_type=\"widget\" data-e-type=\"widget\" data-widget_type=\"divider.default\">\n\t\t\t\t<div class=\"elementor-widget-container\">\n\t\t\t\t\t\t\t<div class=\"elementor-divider\">\n\t\t\t<span class=\"elementor-divider-separator\">\n\t\t\t\t\t\t<\/span>\n\t\t<\/div>\n\t\t\t\t\t\t<\/div>\n\t\t\t\t<\/div>\n\t\t\t\t<div class=\"elementor-element elementor-element-5085e06f elementor-widget elementor-widget-text-editor\" data-id=\"5085e06f\" data-element_type=\"widget\" data-e-type=\"widget\" data-widget_type=\"text-editor.default\">\n\t\t\t\t<div class=\"elementor-widget-container\">\n\t\t\t\t\t\t\t\t\t<p>Vi kan stolt p\u00e5sto att vi \u00e4r ett a v S\u00f6dert\u00e4ljes \u00e4ldsta kr\u00f6gare. Sedan 1985 har vi drivit Restauranger med m\u00e5let att alltid erbjuda god mat f\u00f6r hela familjen.<\/p><p><strong>2006 Caesar\u2019s<\/strong><br \/>V\u00e5rt koncept \u00e4r okomplicerat \u2013 precis som v\u00e5r mat. Vi har handplockat det allra b\u00e4sta fr\u00e5n tv\u00e5 k\u00f6k. Det italienska &amp; Amerikanska k\u00f6ket. Caesar\u2019s \u2013 mat f\u00f6r hela familjen. Varmt v\u00e4lkomna \u00f6nskar familjen Bisse med personalen.<\/p>\t\t\t\t\t\t\t\t<\/div>\n\t\t\t\t<\/div>\n\t\t\t\t<div class=\"elementor-element elementor-element-2ae0d89a elementor-align-center elementor-tablet-align-center elementor-widget elementor-widget-button\" data-id=\"2ae0d89a\" data-element_type=\"widget\" data-e-type=\"widget\" data-widget_type=\"button.default\">\n\t\t\t\t<div class=\"elementor-widget-container\">\n\t\t\t\t\t\t\t\t\t<div class=\"elementor-button-wrapper\">\n\t\t\t\t\t<a class=\"elementor-button elementor-button-link elementor-size-sm\" href=\"#elementor-action%3Aaction%3Dpopup%3Aopen%26settings%3DeyJpZCI6IjkwNjYiLCJ0b2dnbGUiOmZhbHNlfQ%3D%3D\">\n\t\t\t\t\t\t<span class=\"elementor-button-content-wrapper\">\n\t\t\t\t\t\t\t\t\t<span class=\"elementor-button-text\">Have a meal with us<\/span>\n\t\t\t\t\t<\/span>\n\t\t\t\t\t<\/a>\n\t\t\t\t<\/div>\n\t\t\t\t\t\t\t\t<\/div>\n\t\t\t\t<\/div>\n\t\t\t\t\t<\/div>\n\t\t<\/div>\n\t\t\t\t<div class=\"elementor-column elementor-col-50 elementor-top-column elementor-element elementor-element-2ae34907\" data-id=\"2ae34907\" data-element_type=\"column\" data-e-type=\"column\" data-settings=\"{&quot;background_background&quot;:&quot;classic&quot;}\">\n\t\t\t<div class=\"elementor-widget-wrap elementor-element-populated\">\n\t\t\t\t\t\t<div class=\"elementor-element elementor-element-3a762d50 elementor-widget elementor-widget-video\" data-id=\"3a762d50\" data-element_type=\"widget\" data-e-type=\"widget\" data-settings=\"{&quot;youtube_url&quot;:&quot;https:\\\/\\\/www.youtube.com\\\/watch?v=91GlkvhgUiQ&amp;list=RDGMEMHDXYb1_DDSgDsobPsOFxpAVM91GlkvhgUiQ&amp;start_radio=1&quot;,&quot;video_type&quot;:&quot;youtube&quot;,&quot;controls&quot;:&quot;yes&quot;}\" data-widget_type=\"video.default\">\n\t\t\t\t<div class=\"elementor-widget-container\">\n\t\t\t\t\t\t\t<div class=\"elementor-wrapper elementor-open-inline\">\n\t\t\t<div class=\"elementor-video\"><\/div>\t\t<\/div>\n\t\t\t\t\t\t<\/div>\n\t\t\t\t<\/div>\n\t\t\t\t<div class=\"elementor-element elementor-element-1f6af33f elementor-widget elementor-widget-spacer\" data-id=\"1f6af33f\" data-element_type=\"widget\" data-e-type=\"widget\" data-widget_type=\"spacer.default\">\n\t\t\t\t<div class=\"elementor-widget-container\">\n\t\t\t\t\t\t\t<div class=\"elementor-spacer\">\n\t\t\t<div class=\"elementor-spacer-inner\"><\/div>\n\t\t<\/div>\n\t\t\t\t\t\t<\/div>\n\t\t\t\t<\/div>\n\t\t\t\t\t<\/div>\n\t\t<\/div>\n\t\t\t\t\t<\/div>\n\t\t<\/section>\n\t\t\t\t<\/div>","protected":false},"excerpt":{"rendered":"<p>\u2014 Mat f\u00f6r hela familjen \u2014 Mat f\u00f6r hela familjen! Vi kan stolt p\u00e5sto att vi \u00e4r ett av Vetlandas \u00e4ldsta kr\u00f6gare. Sedan 1997 har vi drivit Restauranger med m\u00e5let att alltid erbjuda god mat f\u00f6r hela familjen. V\u00e5rt koncept \u00e4r okomplicerat \u2013 precis som v\u00e5r mat. Vi har handplockat det allra b\u00e4sta fr\u00e5n den [&hellip;]<\/p>\n","protected":false},"author":1,"featured_media":0,"parent":0,"menu_order":0,"comment_status":"closed","ping_status":"closed","template":"elementor_header_footer","meta":{"footnotes":""},"class_list":["post-9326","page","type-page","status-publish","hentry"],"yoast_head":"<!-- This site is optimized with the Yoast SEO plugin v27.4 - https:\/\/yoast.com\/product\/yoast-seo-wordpress\/ -->\n<title>Om oss - Restaurang Ceylan<\/title>\n<meta name=\"description\" content=\"V\u00e5rt koncept \u00e4r okomplicerat \u2013 precis som v\u00e5r mat. Vi har handplockat det allra b\u00e4sta fr\u00e5n den svenska husmanskosten. Ceylan\u00b4s\u2013 mat f\u00f6r hela familjen.\" \/>\n<meta name=\"robots\" content=\"index, follow, max-snippet:-1, max-image-preview:large, max-video-preview:-1\" \/>\n<link rel=\"canonical\" href=\"https:\/\/ceylanvetlanda.se\/en\/om-oss\/\" \/>\n<meta property=\"og:locale\" content=\"en_GB\" \/>\n<meta property=\"og:type\" content=\"article\" \/>\n<meta property=\"og:title\" content=\"Om oss - Restaurang Ceylan\" \/>\n<meta property=\"og:description\" content=\"V\u00e5rt koncept \u00e4r okomplicerat \u2013 precis som v\u00e5r mat. Vi har handplockat det allra b\u00e4sta fr\u00e5n den svenska husmanskosten. Ceylan\u00b4s\u2013 mat f\u00f6r hela familjen.\" \/>\n<meta property=\"og:url\" content=\"https:\/\/ceylanvetlanda.se\/en\/om-oss\/\" \/>\n<meta property=\"og:site_name\" content=\"Restaurang Ceylan\" \/>\n<meta property=\"article:publisher\" content=\"https:\/\/www.facebook.com\/profile.php?id=100010341751733\" \/>\n<meta property=\"article:modified_time\" content=\"2025-05-27T16:29:35+00:00\" \/>\n<meta name=\"twitter:card\" content=\"summary_large_image\" \/>\n<meta name=\"twitter:label1\" content=\"Estimated reading time\" \/>\n\t<meta name=\"twitter:data1\" content=\"1 minute\" \/>\n<script type=\"application\/ld+json\" class=\"yoast-schema-graph\">{\"@context\":\"https:\\\/\\\/schema.org\",\"@graph\":[{\"@type\":\"WebPage\",\"@id\":\"https:\\\/\\\/ceylanvetlanda.se\\\/om-oss\\\/\",\"url\":\"https:\\\/\\\/ceylanvetlanda.se\\\/om-oss\\\/\",\"name\":\"Om oss - Restaurang Ceylan\",\"isPartOf\":{\"@id\":\"https:\\\/\\\/ceylanvetlanda.se\\\/#website\"},\"datePublished\":\"2022-01-31T00:19:56+00:00\",\"dateModified\":\"2025-05-27T16:29:35+00:00\",\"description\":\"V\u00e5rt koncept \u00e4r okomplicerat \u2013 precis som v\u00e5r mat. Vi har handplockat det allra b\u00e4sta fr\u00e5n den svenska husmanskosten. Ceylan\u00b4s\u2013 mat f\u00f6r hela familjen.\",\"breadcrumb\":{\"@id\":\"https:\\\/\\\/ceylanvetlanda.se\\\/om-oss\\\/#breadcrumb\"},\"inLanguage\":\"en-GB\",\"potentialAction\":[{\"@type\":\"ReadAction\",\"target\":[\"https:\\\/\\\/ceylanvetlanda.se\\\/om-oss\\\/\"]}]},{\"@type\":\"BreadcrumbList\",\"@id\":\"https:\\\/\\\/ceylanvetlanda.se\\\/om-oss\\\/#breadcrumb\",\"itemListElement\":[{\"@type\":\"ListItem\",\"position\":1,\"name\":\"Hem\",\"item\":\"https:\\\/\\\/ceylanvetlanda.se\\\/\"},{\"@type\":\"ListItem\",\"position\":2,\"name\":\"Om oss\"}]},{\"@type\":\"WebSite\",\"@id\":\"https:\\\/\\\/ceylanvetlanda.se\\\/#website\",\"url\":\"https:\\\/\\\/ceylanvetlanda.se\\\/\",\"name\":\"Restaurang Ceylan\",\"description\":\"En av Vetlandas \u00e4ldsta restauranger\",\"publisher\":{\"@id\":\"https:\\\/\\\/ceylanvetlanda.se\\\/#organization\"},\"potentialAction\":[{\"@type\":\"SearchAction\",\"target\":{\"@type\":\"EntryPoint\",\"urlTemplate\":\"https:\\\/\\\/ceylanvetlanda.se\\\/?s={search_term_string}\"},\"query-input\":{\"@type\":\"PropertyValueSpecification\",\"valueRequired\":true,\"valueName\":\"search_term_string\"}}],\"inLanguage\":\"en-GB\"},{\"@type\":\"Organization\",\"@id\":\"https:\\\/\\\/ceylanvetlanda.se\\\/#organization\",\"name\":\"Restaurang Ceylan\",\"url\":\"https:\\\/\\\/ceylanvetlanda.se\\\/\",\"logo\":{\"@type\":\"ImageObject\",\"inLanguage\":\"en-GB\",\"@id\":\"https:\\\/\\\/ceylanvetlanda.se\\\/#\\\/schema\\\/logo\\\/image\\\/\",\"url\":\"https:\\\/\\\/ceylanvetlanda.se\\\/wp-content\\\/uploads\\\/2022\\\/01\\\/Group-20-2.png\",\"contentUrl\":\"https:\\\/\\\/ceylanvetlanda.se\\\/wp-content\\\/uploads\\\/2022\\\/01\\\/Group-20-2.png\",\"width\":258,\"height\":67,\"caption\":\"Restaurang Ceylan\"},\"image\":{\"@id\":\"https:\\\/\\\/ceylanvetlanda.se\\\/#\\\/schema\\\/logo\\\/image\\\/\"},\"sameAs\":[\"https:\\\/\\\/www.facebook.com\\\/profile.php?id=100010341751733\",\"https:\\\/\\\/www.instagram.com\\\/restaurangceylan\\\/\"]}]}<\/script>\n<!-- \/ Yoast SEO plugin. -->","yoast_head_json":{"title":"Om oss - Restaurang Ceylan","description":"V\u00e5rt koncept \u00e4r okomplicerat \u2013 precis som v\u00e5r mat. Vi har handplockat det allra b\u00e4sta fr\u00e5n den svenska husmanskosten. Ceylan\u00b4s\u2013 mat f\u00f6r hela familjen.","robots":{"index":"index","follow":"follow","max-snippet":"max-snippet:-1","max-image-preview":"max-image-preview:large","max-video-preview":"max-video-preview:-1"},"canonical":"https:\/\/ceylanvetlanda.se\/en\/om-oss\/","og_locale":"en_GB","og_type":"article","og_title":"Om oss - Restaurang Ceylan","og_description":"V\u00e5rt koncept \u00e4r okomplicerat \u2013 precis som v\u00e5r mat. Vi har handplockat det allra b\u00e4sta fr\u00e5n den svenska husmanskosten. Ceylan\u00b4s\u2013 mat f\u00f6r hela familjen.","og_url":"https:\/\/ceylanvetlanda.se\/en\/om-oss\/","og_site_name":"Restaurang Ceylan","article_publisher":"https:\/\/www.facebook.com\/profile.php?id=100010341751733","article_modified_time":"2025-05-27T16:29:35+00:00","twitter_card":"summary_large_image","twitter_misc":{"Estimated reading time":"1 minute"},"schema":{"@context":"https:\/\/schema.org","@graph":[{"@type":"WebPage","@id":"https:\/\/ceylanvetlanda.se\/om-oss\/","url":"https:\/\/ceylanvetlanda.se\/om-oss\/","name":"Om oss - Restaurang Ceylan","isPartOf":{"@id":"https:\/\/ceylanvetlanda.se\/#website"},"datePublished":"2022-01-31T00:19:56+00:00","dateModified":"2025-05-27T16:29:35+00:00","description":"V\u00e5rt koncept \u00e4r okomplicerat \u2013 precis som v\u00e5r mat. Vi har handplockat det allra b\u00e4sta fr\u00e5n den svenska husmanskosten. Ceylan\u00b4s\u2013 mat f\u00f6r hela familjen.","breadcrumb":{"@id":"https:\/\/ceylanvetlanda.se\/om-oss\/#breadcrumb"},"inLanguage":"en-GB","potentialAction":[{"@type":"ReadAction","target":["https:\/\/ceylanvetlanda.se\/om-oss\/"]}]},{"@type":"BreadcrumbList","@id":"https:\/\/ceylanvetlanda.se\/om-oss\/#breadcrumb","itemListElement":[{"@type":"ListItem","position":1,"name":"Hem","item":"https:\/\/ceylanvetlanda.se\/"},{"@type":"ListItem","position":2,"name":"Om oss"}]},{"@type":"WebSite","@id":"https:\/\/ceylanvetlanda.se\/#website","url":"https:\/\/ceylanvetlanda.se\/","name":"Restaurang Ceylan","description":"En av Vetlandas \u00e4ldsta restauranger","publisher":{"@id":"https:\/\/ceylanvetlanda.se\/#organization"},"potentialAction":[{"@type":"SearchAction","target":{"@type":"EntryPoint","urlTemplate":"https:\/\/ceylanvetlanda.se\/?s={search_term_string}"},"query-input":{"@type":"PropertyValueSpecification","valueRequired":true,"valueName":"search_term_string"}}],"inLanguage":"en-GB"},{"@type":"Organization","@id":"https:\/\/ceylanvetlanda.se\/#organization","name":"Restaurang Ceylan","url":"https:\/\/ceylanvetlanda.se\/","logo":{"@type":"ImageObject","inLanguage":"en-GB","@id":"https:\/\/ceylanvetlanda.se\/#\/schema\/logo\/image\/","url":"https:\/\/ceylanvetlanda.se\/wp-content\/uploads\/2022\/01\/Group-20-2.png","contentUrl":"https:\/\/ceylanvetlanda.se\/wp-content\/uploads\/2022\/01\/Group-20-2.png","width":258,"height":67,"caption":"Restaurang Ceylan"},"image":{"@id":"https:\/\/ceylanvetlanda.se\/#\/schema\/logo\/image\/"},"sameAs":["https:\/\/www.facebook.com\/profile.php?id=100010341751733","https:\/\/www.instagram.com\/restaurangceylan\/"]}]}},"_links":{"self":[{"href":"https:\/\/ceylanvetlanda.se\/en\/wp-json\/wp\/v2\/pages\/9326","targetHints":{"allow":["GET"]}}],"collection":[{"href":"https:\/\/ceylanvetlanda.se\/en\/wp-json\/wp\/v2\/pages"}],"about":[{"href":"https:\/\/ceylanvetlanda.se\/en\/wp-json\/wp\/v2\/types\/page"}],"author":[{"embeddable":true,"href":"https:\/\/ceylanvetlanda.se\/en\/wp-json\/wp\/v2\/users\/1"}],"replies":[{"embeddable":true,"href":"https:\/\/ceylanvetlanda.se\/en\/wp-json\/wp\/v2\/comments?post=9326"}],"version-history":[{"count":33,"href":"https:\/\/ceylanvetlanda.se\/en\/wp-json\/wp\/v2\/pages\/9326\/revisions"}],"predecessor-version":[{"id":16191,"href":"https:\/\/ceylanvetlanda.se\/en\/wp-json\/wp\/v2\/pages\/9326\/revisions\/16191"}],"wp:attachment":[{"href":"https:\/\/ceylanvetlanda.se\/en\/wp-json\/wp\/v2\/media?parent=9326"}],"curies":[{"name":"wp","href":"https:\/\/api.w.org\/{rel}","templated":true}]}}