{"id":9868,"date":"2022-05-06T20:24:57","date_gmt":"2022-05-06T18:24:57","guid":{"rendered":"https:\/\/ceylanvetlanda.se\/?page_id=9868"},"modified":"2025-04-03T11:20:56","modified_gmt":"2025-04-03T09:20:56","slug":"lunchmeny","status":"publish","type":"page","link":"https:\/\/ceylanvetlanda.se\/en\/lunchmeny\/","title":{"rendered":"Lunchmeny"},"content":{"rendered":"<div data-elementor-type=\"wp-page\" data-elementor-id=\"9868\" class=\"elementor elementor-9868\" data-elementor-post-type=\"page\">\n\t\t\t\t\t\t<section class=\"elementor-section elementor-top-section elementor-element elementor-element-28a1432 elementor-section-height-full elementor-section-items-stretch elementor-section-full_width elementor-section-content-middle elementor-section-height-default\" data-id=\"28a1432\" data-element_type=\"section\" data-e-type=\"section\" data-settings=\"{&quot;background_background&quot;:&quot;classic&quot;}\">\n\t\t\t\t\t\t<div class=\"elementor-container elementor-column-gap-default\">\n\t\t\t\t\t<div class=\"elementor-column elementor-col-100 elementor-top-column elementor-element elementor-element-1fc0b6f\" data-id=\"1fc0b6f\" data-element_type=\"column\" data-e-type=\"column\" data-settings=\"{&quot;background_background&quot;:&quot;classic&quot;}\">\n\t\t\t<div class=\"elementor-widget-wrap elementor-element-populated\">\n\t\t\t\t\t<div class=\"elementor-background-overlay\"><\/div>\n\t\t\t\t\t\t<div class=\"elementor-element elementor-element-b38b727 elementor-widget__width-auto container elementor-widget elementor-widget-heading\" data-id=\"b38b727\" data-element_type=\"widget\" data-e-type=\"widget\" data-widget_type=\"heading.default\">\n\t\t\t\t<div class=\"elementor-widget-container\">\n\t\t\t\t\t<h2 class=\"elementor-heading-title elementor-size-default\">Dagens lunch <\/h2>\t\t\t\t<\/div>\n\t\t\t\t<\/div>\n\t\t\t\t<div class=\"elementor-element elementor-element-73daced elementor-widget elementor-widget-text-editor\" data-id=\"73daced\" data-element_type=\"widget\" data-e-type=\"widget\" data-widget_type=\"text-editor.default\">\n\t\t\t\t<div class=\"elementor-widget-container\">\n\t\t\t\t\t\t\t\t\t<p>Ink, Dricka, Sallad, Br\u00f6d, Kaffe &amp; Kaka<\/p>\t\t\t\t\t\t\t\t<\/div>\n\t\t\t\t<\/div>\n\t\t\t\t<div class=\"elementor-element elementor-element-214d5b5 elementor-widget elementor-widget-text-editor\" data-id=\"214d5b5\" data-element_type=\"widget\" data-e-type=\"widget\" data-widget_type=\"text-editor.default\">\n\t\t\t\t<div class=\"elementor-widget-container\">\n\t\t\t\t\t\t\t\t\t<p>Dagens lunch: 125:- \/ H\u00e4fte 11 st 1200:-<\/p><p>Pension\u00e4r 110:- \/ H\u00e4fte 11 st 1100<\/p>\t\t\t\t\t\t\t\t<\/div>\n\t\t\t\t<\/div>\n\t\t\t\t<div class=\"elementor-element elementor-element-5e403dc elementor-align-center elementor-widget__width-initial elementor-list-item-link-full_width elementor-widget elementor-widget-icon-list\" data-id=\"5e403dc\" data-element_type=\"widget\" data-e-type=\"widget\" data-widget_type=\"icon-list.default\">\n\t\t\t\t<div class=\"elementor-widget-container\">\n\t\t\t\t\t\t\t<ul class=\"elementor-icon-list-items\">\n\t\t\t\t\t\t\t<li class=\"elementor-icon-list-item\">\n\t\t\t\t\t\t\t\t\t\t<span class=\"elementor-icon-list-text\">1. \u00c4rtsoppa, pannkaka med sylt<br> <br><br>2.Tapia fil\u00e9 (sl\u00e4kt med aborre) med kokt potatis &amp; dills\u00e5s<br><br>3. Pasta Carbonara<\/span>\n\t\t\t\t\t\t\t\t\t<\/li>\n\t\t\t\t\t\t\t\t<li class=\"elementor-icon-list-item\">\n\t\t\t\t\t\t\t\t\t\t<span class=\"elementor-icon-list-text\"><\/span>\n\t\t\t\t\t\t\t\t\t<\/li>\n\t\t\t\t\t\t\t\t<li class=\"elementor-icon-list-item\">\n\t\t\t\t\t\t\t\t\t\t<span class=\"elementor-icon-list-text\"><\/span>\n\t\t\t\t\t\t\t\t\t<\/li>\n\t\t\t\t\t\t<\/ul>\n\t\t\t\t\t\t<\/div>\n\t\t\t\t<\/div>\n\t\t\t\t<div class=\"elementor-element elementor-element-80d6841 elementor-widget__width-initial elementor-widget-divider--view-line elementor-widget elementor-widget-divider\" data-id=\"80d6841\" data-element_type=\"widget\" data-e-type=\"widget\" data-widget_type=\"divider.default\">\n\t\t\t\t<div class=\"elementor-widget-container\">\n\t\t\t\t\t\t\t<div class=\"elementor-divider\">\n\t\t\t<span class=\"elementor-divider-separator\">\n\t\t\t\t\t\t<\/span>\n\t\t<\/div>\n\t\t\t\t\t\t<\/div>\n\t\t\t\t<\/div>\n\t\t\t\t\t<\/div>\n\t\t<\/div>\n\t\t\t\t\t<\/div>\n\t\t<\/section>\n\t\t\t\t<\/div>","protected":false},"excerpt":{"rendered":"<p>Dagens lunch Ink, Dricka, Sallad, Br\u00f6d, Kaffe &amp; Kaka Dagens lunch: 125:- \/ H\u00e4fte 11 st 1200:- Pension\u00e4r 110:- \/ H\u00e4fte 11 st 1100 1. \u00c4rtsoppa, pannkaka med sylt 2.Tapia fil\u00e9 (sl\u00e4kt med aborre) med kokt potatis &amp; dills\u00e5s 3. Pasta Carbonara<\/p>","protected":false},"author":1,"featured_media":0,"parent":0,"menu_order":0,"comment_status":"closed","ping_status":"closed","template":"elementor_header_footer","meta":{"footnotes":""},"class_list":["post-9868","page","type-page","status-publish","hentry"],"yoast_head":"<!-- This site is optimized with the Yoast SEO plugin v27.5 - https:\/\/yoast.com\/product\/yoast-seo-wordpress\/ -->\n<title>Lunchmeny - Restaurang Ceylan<\/title>\n<meta name=\"robots\" content=\"index, follow, max-snippet:-1, max-image-preview:large, max-video-preview:-1\" \/>\n<link rel=\"canonical\" href=\"https:\/\/ceylanvetlanda.se\/en\/lunchmeny\/\" \/>\n<meta property=\"og:locale\" content=\"en_GB\" \/>\n<meta property=\"og:type\" content=\"article\" \/>\n<meta property=\"og:title\" content=\"Lunchmeny - Restaurang Ceylan\" \/>\n<meta property=\"og:description\" content=\"Dagens lunch Ink, Dricka, Sallad, Br\u00f6d, Kaffe &amp; Kaka Dagens lunch: 125:- \/ H\u00e4fte 11 st 1200:- Pension\u00e4r 110:- \/ H\u00e4fte 11 st 1100 1. \u00c4rtsoppa, pannkaka med sylt 2.Tapia fil\u00e9 (sl\u00e4kt med aborre) med kokt potatis &amp; dills\u00e5s 3. Pasta Carbonara\" \/>\n<meta property=\"og:url\" content=\"https:\/\/ceylanvetlanda.se\/en\/lunchmeny\/\" \/>\n<meta property=\"og:site_name\" content=\"Restaurang Ceylan\" \/>\n<meta property=\"article:publisher\" content=\"https:\/\/www.facebook.com\/profile.php?id=100010341751733\" \/>\n<meta property=\"article:modified_time\" content=\"2025-04-03T09:20:56+00:00\" \/>\n<meta name=\"twitter:card\" content=\"summary_large_image\" \/>\n<meta name=\"twitter:label1\" content=\"Estimated reading time\" \/>\n\t<meta name=\"twitter:data1\" content=\"1 minute\" \/>\n<script type=\"application\/ld+json\" class=\"yoast-schema-graph\">{\"@context\":\"https:\\\/\\\/schema.org\",\"@graph\":[{\"@type\":\"WebPage\",\"@id\":\"https:\\\/\\\/ceylanvetlanda.se\\\/lunchmeny\\\/\",\"url\":\"https:\\\/\\\/ceylanvetlanda.se\\\/lunchmeny\\\/\",\"name\":\"Lunchmeny - Restaurang Ceylan\",\"isPartOf\":{\"@id\":\"https:\\\/\\\/ceylanvetlanda.se\\\/#website\"},\"datePublished\":\"2022-05-06T18:24:57+00:00\",\"dateModified\":\"2025-04-03T09:20:56+00:00\",\"breadcrumb\":{\"@id\":\"https:\\\/\\\/ceylanvetlanda.se\\\/lunchmeny\\\/#breadcrumb\"},\"inLanguage\":\"en-GB\",\"potentialAction\":[{\"@type\":\"ReadAction\",\"target\":[\"https:\\\/\\\/ceylanvetlanda.se\\\/lunchmeny\\\/\"]}]},{\"@type\":\"BreadcrumbList\",\"@id\":\"https:\\\/\\\/ceylanvetlanda.se\\\/lunchmeny\\\/#breadcrumb\",\"itemListElement\":[{\"@type\":\"ListItem\",\"position\":1,\"name\":\"Hem\",\"item\":\"https:\\\/\\\/ceylanvetlanda.se\\\/\"},{\"@type\":\"ListItem\",\"position\":2,\"name\":\"Lunchmeny\"}]},{\"@type\":\"WebSite\",\"@id\":\"https:\\\/\\\/ceylanvetlanda.se\\\/#website\",\"url\":\"https:\\\/\\\/ceylanvetlanda.se\\\/\",\"name\":\"Restaurang Ceylan\",\"description\":\"En av Vetlandas \u00e4ldsta restauranger\",\"publisher\":{\"@id\":\"https:\\\/\\\/ceylanvetlanda.se\\\/#organization\"},\"potentialAction\":[{\"@type\":\"SearchAction\",\"target\":{\"@type\":\"EntryPoint\",\"urlTemplate\":\"https:\\\/\\\/ceylanvetlanda.se\\\/?s={search_term_string}\"},\"query-input\":{\"@type\":\"PropertyValueSpecification\",\"valueRequired\":true,\"valueName\":\"search_term_string\"}}],\"inLanguage\":\"en-GB\"},{\"@type\":\"Organization\",\"@id\":\"https:\\\/\\\/ceylanvetlanda.se\\\/#organization\",\"name\":\"Restaurang Ceylan\",\"url\":\"https:\\\/\\\/ceylanvetlanda.se\\\/\",\"logo\":{\"@type\":\"ImageObject\",\"inLanguage\":\"en-GB\",\"@id\":\"https:\\\/\\\/ceylanvetlanda.se\\\/#\\\/schema\\\/logo\\\/image\\\/\",\"url\":\"https:\\\/\\\/ceylanvetlanda.se\\\/wp-content\\\/uploads\\\/2022\\\/01\\\/Group-20-2.png\",\"contentUrl\":\"https:\\\/\\\/ceylanvetlanda.se\\\/wp-content\\\/uploads\\\/2022\\\/01\\\/Group-20-2.png\",\"width\":258,\"height\":67,\"caption\":\"Restaurang Ceylan\"},\"image\":{\"@id\":\"https:\\\/\\\/ceylanvetlanda.se\\\/#\\\/schema\\\/logo\\\/image\\\/\"},\"sameAs\":[\"https:\\\/\\\/www.facebook.com\\\/profile.php?id=100010341751733\",\"https:\\\/\\\/www.instagram.com\\\/restaurangceylan\\\/\"]}]}<\/script>\n<!-- \/ Yoast SEO plugin. -->","yoast_head_json":{"title":"Lunchmeny - Restaurang Ceylan","robots":{"index":"index","follow":"follow","max-snippet":"max-snippet:-1","max-image-preview":"max-image-preview:large","max-video-preview":"max-video-preview:-1"},"canonical":"https:\/\/ceylanvetlanda.se\/en\/lunchmeny\/","og_locale":"en_GB","og_type":"article","og_title":"Lunchmeny - Restaurang Ceylan","og_description":"Dagens lunch Ink, Dricka, Sallad, Br\u00f6d, Kaffe &amp; Kaka Dagens lunch: 125:- \/ H\u00e4fte 11 st 1200:- Pension\u00e4r 110:- \/ H\u00e4fte 11 st 1100 1. \u00c4rtsoppa, pannkaka med sylt 2.Tapia fil\u00e9 (sl\u00e4kt med aborre) med kokt potatis &amp; dills\u00e5s 3. Pasta Carbonara","og_url":"https:\/\/ceylanvetlanda.se\/en\/lunchmeny\/","og_site_name":"Restaurang Ceylan","article_publisher":"https:\/\/www.facebook.com\/profile.php?id=100010341751733","article_modified_time":"2025-04-03T09:20:56+00:00","twitter_card":"summary_large_image","twitter_misc":{"Estimated reading time":"1 minute"},"schema":{"@context":"https:\/\/schema.org","@graph":[{"@type":"WebPage","@id":"https:\/\/ceylanvetlanda.se\/lunchmeny\/","url":"https:\/\/ceylanvetlanda.se\/lunchmeny\/","name":"Lunchmeny - Restaurang Ceylan","isPartOf":{"@id":"https:\/\/ceylanvetlanda.se\/#website"},"datePublished":"2022-05-06T18:24:57+00:00","dateModified":"2025-04-03T09:20:56+00:00","breadcrumb":{"@id":"https:\/\/ceylanvetlanda.se\/lunchmeny\/#breadcrumb"},"inLanguage":"en-GB","potentialAction":[{"@type":"ReadAction","target":["https:\/\/ceylanvetlanda.se\/lunchmeny\/"]}]},{"@type":"BreadcrumbList","@id":"https:\/\/ceylanvetlanda.se\/lunchmeny\/#breadcrumb","itemListElement":[{"@type":"ListItem","position":1,"name":"Hem","item":"https:\/\/ceylanvetlanda.se\/"},{"@type":"ListItem","position":2,"name":"Lunchmeny"}]},{"@type":"WebSite","@id":"https:\/\/ceylanvetlanda.se\/#website","url":"https:\/\/ceylanvetlanda.se\/","name":"Restaurang Ceylan","description":"En av Vetlandas \u00e4ldsta restauranger","publisher":{"@id":"https:\/\/ceylanvetlanda.se\/#organization"},"potentialAction":[{"@type":"SearchAction","target":{"@type":"EntryPoint","urlTemplate":"https:\/\/ceylanvetlanda.se\/?s={search_term_string}"},"query-input":{"@type":"PropertyValueSpecification","valueRequired":true,"valueName":"search_term_string"}}],"inLanguage":"en-GB"},{"@type":"Organization","@id":"https:\/\/ceylanvetlanda.se\/#organization","name":"Restaurang Ceylan","url":"https:\/\/ceylanvetlanda.se\/","logo":{"@type":"ImageObject","inLanguage":"en-GB","@id":"https:\/\/ceylanvetlanda.se\/#\/schema\/logo\/image\/","url":"https:\/\/ceylanvetlanda.se\/wp-content\/uploads\/2022\/01\/Group-20-2.png","contentUrl":"https:\/\/ceylanvetlanda.se\/wp-content\/uploads\/2022\/01\/Group-20-2.png","width":258,"height":67,"caption":"Restaurang Ceylan"},"image":{"@id":"https:\/\/ceylanvetlanda.se\/#\/schema\/logo\/image\/"},"sameAs":["https:\/\/www.facebook.com\/profile.php?id=100010341751733","https:\/\/www.instagram.com\/restaurangceylan\/"]}]}},"_links":{"self":[{"href":"https:\/\/ceylanvetlanda.se\/en\/wp-json\/wp\/v2\/pages\/9868","targetHints":{"allow":["GET"]}}],"collection":[{"href":"https:\/\/ceylanvetlanda.se\/en\/wp-json\/wp\/v2\/pages"}],"about":[{"href":"https:\/\/ceylanvetlanda.se\/en\/wp-json\/wp\/v2\/types\/page"}],"author":[{"embeddable":true,"href":"https:\/\/ceylanvetlanda.se\/en\/wp-json\/wp\/v2\/users\/1"}],"replies":[{"embeddable":true,"href":"https:\/\/ceylanvetlanda.se\/en\/wp-json\/wp\/v2\/comments?post=9868"}],"version-history":[{"count":2135,"href":"https:\/\/ceylanvetlanda.se\/en\/wp-json\/wp\/v2\/pages\/9868\/revisions"}],"predecessor-version":[{"id":16037,"href":"https:\/\/ceylanvetlanda.se\/en\/wp-json\/wp\/v2\/pages\/9868\/revisions\/16037"}],"wp:attachment":[{"href":"https:\/\/ceylanvetlanda.se\/en\/wp-json\/wp\/v2\/media?parent=9868"}],"curies":[{"name":"wp","href":"https:\/\/api.w.org\/{rel}","templated":true}]}}